{"id":7381,"date":"2024-08-13T15:00:44","date_gmt":"2024-08-13T19:00:44","guid":{"rendered":"https:\/\/www.mendozaplasticsurgery.com\/?page_id=7381"},"modified":"2026-01-21T15:19:00","modified_gmt":"2026-01-21T19:19:00","slug":"contacto","status":"publish","type":"page","link":"https:\/\/www.mendozaplasticsurgery.com\/es\/contacto\/","title":{"rendered":"Contacto"},"content":{"rendered":"<div class=\"wpb-content-wrapper\"><p>[vc_row full_width=\u00bbstretch_row\u00bb overlay_background=\u00bbcustom\u00bb overlay_opacity=\u00bb0&#8243;][vc_column lg_spacing=\u00bbmargin_top:20;margin_bottom:20&#8243;][tm_heading tag=\u00bbh1&#8243; custom_google_font=\u00bb\u00bb align=\u00bbcenter\u00bb text_color=\u00bbcustom\u00bb custom_text_color=\u00bb#000000&#8243; font_size=\u00bblg:36&#8243; text=\u00bbConsulta Cirug\u00eda Pl\u00e1stica Atlanta\u00bb css=\u00bb.vc_custom_1745435458130{margin-top: -60px !important;margin-bottom: 40px !important;}\u00bb][\/vc_column][\/vc_row][vc_row lg_spacing=\u00bbmargin_top:-50&#8243; xs_spacing=\u00bbmargin_top:-80&#8243; el_id=\u00bbid-colum0&#8243; el_class=\u00bbolum0&#8243;][vc_column width=\u00bb1\/2&#8243; el_class=\u00bbcon-colum1&#8243; el_id=\u00bbid-colum1&#8243; lg_spacing=\u00bbpadding_right:60&#8243; md_spacing=\u00bbpadding_right:60&#8243; sm_spacing=\u00bbpadding_right:60&#8243; xs_spacing=\u00bbpadding_right:20;padding_left:20&#8243;][tm_heading tag=\u00bbh2&#8243; custom_google_font=\u00bb\u00bb align=\u00bbcenter\u00bb text=\u00bb\u00a1Estamos aqu\u00ed para ti!\u00bb font_size=\u00bblg:22&#8243; css=\u00bb.vc_custom_1745435261128{margin-bottom: 40px !important;}\u00bb][vc_column_text css=\u00bb.vc_custom_1723650279927{margin-bottom: 40px !important;}\u00bb el_class=\u00bbtext-our\u00bb]<\/p>\n<p style=\"text-align: justify; font-size: 19px;\">Nuestro equipo biling\u00fce est\u00e1 preparado para atender tus inquietudes y guiarte en este camino para alcanzar tu transformaci\u00f3n deseada.<\/p>\n<div id=\"gtx-trans\" style=\"position: absolute; left: -100px; top: -5px;\">\n<div class=\"gtx-trans-icon\"><\/div>\n<\/div>\n<p>[\/vc_column_text][tm_image image=\u00bb7395&#8243;][\/vc_column][vc_column width=\u00bb1\/2&#8243; lg_spacing=\u00bbpadding_left:60&#8243; md_spacing=\u00bbpadding_left:60&#8243; sm_spacing=\u00bbpadding_left:60&#8243; xs_spacing=\u00bbpadding_right:20;padding_left:20&#8243;][vc_row_inner el_id=\u00bbcontacto2&#8243;][vc_column_inner xs_spacing=\u00bbmargin_top:20&#8243;][tm_heading tag=\u00bbh2&#8243; custom_google_font=\u00bb\u00bb align=\u00bbcenter\u00bb text=\u00bbAgenda tu consulta hoy\u00bb font_size=\u00bblg:22&#8243; css=\u00bb.vc_custom_1745435051944{margin-bottom: 40px !important;}\u00bb][vc_column_text css=\u00bb.vc_custom_1723650317591{margin-bottom: 40px !important;}\u00bb]<\/p>\n<p style=\"text-align: justify; font-size: 19px;\">D\u00e9janos tu informaci\u00f3n de contacto y nuestro equipo te contactar\u00e1 lo m\u00e1s\u00a0pronto\u00a0posible.<\/p>\n<div id=\"gtx-trans\" style=\"position: absolute; left: -19px; top: 45px;\">\n<div class=\"gtx-trans-icon\"><\/div>\n<\/div>\n<p>[\/vc_column_text][tm_contact_form_7 id=\u00bb1385&#8243;][tm_heading tag=\u00bbdiv\u00bb custom_google_font=\u00bb\u00bb font_style=\u00bbitalic\u00bb align=\u00bbcenter\u00bb text=\u00bbSu direcci\u00f3n de correo electr\u00f3nico no se publicar\u00e1.\u00bb css=\u00bb.vc_custom_1689618646044{margin-top: 20px !important;}\u00bb][tm_spacer size=\u00bblg:60&#8243;][\/vc_column_inner][\/vc_row_inner][\/vc_column][\/vc_row][vc_row][vc_column][tm_box_icon style=\u00bb3&#8243; align=\u00bbcenter\u00bb animation=\u00bbmove-down\u00bb custom_border_color=\u00bb#ffffff\u00bb border_style=\u00bbdashed\u00bb image=\u00bb7435&#8243; button=\u00bb|||\u00bb lg_spacing=\u00bbmargin_bottom:10;border_bottom:1;padding_bottom:10&#8243;][\/vc_column][\/vc_row][vc_row][vc_column width=\u00bb1\/2&#8243; lg_spacing=\u00bbpadding_right:60&#8243; md_spacing=\u00bbpadding_right:60&#8243; sm_spacing=\u00bbpadding_right:60&#8243; xs_spacing=\u00bbpadding_right:20;padding_left:20&#8243;][tm_heading tag=\u00bbh2&#8243; custom_google_font=\u00bb\u00bb align=\u00bbcenter\u00bb el_class=\u00bbtitu-cont\u00bb text=\u00bb\u00bfD\u00f3nde estamos ubicados?\u00bb font_size=\u00bblg:36&#8243; css=\u00bb.vc_custom_1744037910896{margin-top: 20px !important;}\u00bb md_spacing=\u00bbmargin_bottom:27&#8243;][tm_spacer size=\u00bblg:20&#8243;][vc_raw_html]JTNDaWZyYW1lJTIwc3JjJTNEJTIyaHR0cHMlM0ElMkYlMkZ3d3cuZ29vZ2xlLmNvbSUyRm1hcHMlMkZlbWJlZCUzRnBiJTNEJTIxMW0xOCUyMTFtMTIlMjExbTMlMjExZDEzMjI3LjU4NjY4MDMxNTk3JTIxMmQtODQuMTQ1NDY4NzMwMjI0NjElMjEzZDM0LjAyMDg2MzE5OTk5OTk5NCUyMTJtMyUyMTFmMCUyMTJmMCUyMTNmMCUyMTNtMiUyMTFpMTAyNCUyMTJpNzY4JTIxNGYxMy4xJTIxM20zJTIxMW0yJTIxMXMweDg4ZjU5ODdiYmU1OTQ1MDUlMjUzQTB4YWZjNzhkZTlhNzkwZDlmYyUyMTJzMzk3MCUyNTIwUm9nZXJzJTI1MjBCcmlkZ2UlMjUyMFJkJTI1MkMlMjUyMER1bHV0aCUyNTJDJTI1MjBHQSUyNTIwMzAwOTclMjUyQyUyNTIwRUUuJTI1MjBVVS4lMjE1ZTAlMjEzbTIlMjExc2VzJTIxMnNjbyUyMTR2MTY4OTAxMTgzMTQzNiUyMTVtMiUyMTFzZXMlMjEyc2NvJTIyJTIwd2lkdGglM0QlMjI1MjUlMjIlMjBoZWlnaHQlM0QlMjI0MDAlMjIlMjBzdHlsZSUzRCUyMmJvcmRlciUzQTAlM0IlMjIlMjBhbGxvd2Z1bGxzY3JlZW4lM0QlMjIlMjIlMjBsb2FkaW5nJTNEJTIybGF6eSUyMiUyMHJlZmVycmVycG9saWN5JTNEJTIybm8tcmVmZXJyZXItd2hlbi1kb3duZ3JhZGUlMjIlM0UlM0MlMkZpZnJhbWUlM0U=[\/vc_raw_html][\/vc_column][vc_column width=\u00bb1\/2&#8243; lg_spacing=\u00bbpadding_left:60&#8243; md_spacing=\u00bbpadding_left:60&#8243; sm_spacing=\u00bbpadding_left:60&#8243; xs_spacing=\u00bbpadding_right:20;padding_left:20&#8243;][tm_spacer size=\u00bblg:90&#8243;][tm_box_icon style=\u00bb3&#8243; custom_border_color=\u00bb#d4d2d2&#8243; border_style=\u00bbdashed\u00bb image=\u00bb7422&#8243; heading=\u00bbUbicaci\u00f3n\u00bb button=\u00bbtarget:_blank\u00bb lg_spacing=\u00bbmargin_bottom:10;border_bottom:1;padding_bottom:10&#8243; link=\u00bburl:https%3A%2F%2Fwww.google.com%2Fmaps%2Fdir%2F%2F3970%2BRogers%2BBridge%2BRd%2BDuluth%2C%2BGA%2B30097%2BEE.%2BUU.%2F%4034.0208863%2C-84.1367372%2C14z%2Fdata%3D!4m5!4m4!1m0!1m2!1m1!1s0x88f5987bbe594505%3A0xafc78de9a790d9fc|target:_blank\u00bb text=\u00bb3970 Rogers Bridge Rd, Duluth, GA 30097, Estados Unidos\u00bb][tm_box_icon style=\u00bb3&#8243; custom_border_color=\u00bb#d4d2d2&#8243; border_style=\u00bbdashed\u00bb image=\u00bb7420&#8243; heading=\u00bbTel\u00e9fono\u00bb button=\u00bb|||\u00bb lg_spacing=\u00bbmargin_bottom:10;border_bottom:1;padding_bottom:-5&#8243; link=\u00bburl:tel%3A%2B17705458373&#8243; text=\u00bb+1 770-545-8373&#8243;][tm_box_icon style=\u00bb3&#8243; custom_border_color=\u00bb#d4d2d2&#8243; border_style=\u00bbdashed\u00bb image=\u00bb7418&#8243; heading=\u00bbEmail\u00bb button=\u00bb|||\u00bb lg_spacing=\u00bbmargin_bottom:10;border_bottom:1;padding_bottom:-5&#8243; link=\u00bburl:mailto%3Ainfo%40mendozaplasticsurgery.com\u00bb text=\u00bbinfo@mendozaplasticsurgery.com\u00bb][tm_box_icon style=\u00bb3&#8243; el_class=\u00bbhorario2&#8243; custom_border_color=\u00bb#d4d2d2&#8243; border_style=\u00bbdashed\u00bb image=\u00bb7424&#8243; heading=\u00bbHorarios\u00bb button=\u00bb|||\u00bb lg_spacing=\u00bbmargin_bottom:5;padding_bottom:-10&#8243; link=\u00bburl:%23contacto2&#8243; text=\u00bbLun &#8211; Vier 9:00 a.m. &#8211; 5:00 p.m.\u00bb][tm_spacer size=\u00bblg:25&#8243;][tm_social_networks style=\u00bbsolid-rounded-icon\u00bb align=\u00bbcenter\u00bb items=\u00bb%5B%7B%22title%22%3A%22Facebook%22%2C%22link%22%3A%22https%3A%2F%2Fwww.facebook.com%2Fpeople%2FMendoza-Plastic-Surgery%2F100092795257092%2F%22%2C%22icon_type%22%3A%22fontawesome5%22%2C%22icon_fontawesome5%22%3A%22fa-brands%20fa-facebook-f%22%7D%2C%7B%22title%22%3A%22Instagram%22%2C%22link%22%3A%22https%3A%2F%2Fwww.instagram.com%2Fmendozaplasticsurgery%2F%22%2C%22icon_type%22%3A%22fontawesome5%22%2C%22icon_fontawesome5%22%3A%22fa-brands%20fa-instagram%22%7D%2C%7B%22title%22%3A%22Tiktok%22%2C%22link%22%3A%22www.tiktok.com%2F%40mendozaplasticsurgery%22%2C%22icon_type%22%3A%22fontawesome5%22%2C%22icon_fontawesome5%22%3A%22fa-brands%20fa-tiktok%22%7D%2C%7B%22title%22%3A%22LinkedIn%22%2C%22link%22%3A%22https%3A%2F%2Fwww.linkedin.com%2Fin%2Fdelquis-r-mendoza-jr-88a70375%2F%22%2C%22icon_type%22%3A%22fontawesome5%22%2C%22icon_fontawesome5%22%3A%22fa-brands%20fa-linkedin-in%22%7D%5D\u00bb][tm_spacer size=\u00bblg:60&#8243;][\/vc_column][\/vc_row]<\/p>\n<\/div>","protected":false},"excerpt":{"rendered":"<p>[vc_row full_width=\u00bbstretch_row\u00bb overlay_background=\u00bbcustom\u00bb overlay_opacity=\u00bb0&#8243;][vc_column lg_spacing=\u00bbmargin_top:20;margin_bottom:20&#8243;][tm_heading tag=\u00bbh1&#8243; custom_google_font=\u00bb\u00bb align=\u00bbcenter\u00bb text_color=\u00bbcustom\u00bb custom_text_color=\u00bb#000000&#8243; font_size=\u00bblg:36&#8243; text=\u00bbConsulta Cirug\u00eda Pl\u00e1stica Atlanta\u00bb css=\u00bb.vc_custom_1745435458130{margin-top: -60px !important;margin-bottom: 40px !important;}\u00bb][\/vc_column][\/vc_row][vc_row lg_spacing=\u00bbmargin_top:-50&#8243; xs_spacing=\u00bbmargin_top:-80&#8243; el_id=\u00bbid-colum0&#8243; el_class=\u00bbolum0&#8243;][vc_column width=\u00bb1\/2&#8243; el_class=\u00bbcon-colum1&#8243; el_id=\u00bbid-colum1&#8243; lg_spacing=\u00bbpadding_right:60&#8243; md_spacing=\u00bbpadding_right:60&#8243; sm_spacing=\u00bbpadding_right:60&#8243; xs_spacing=\u00bbpadding_right:20;padding_left:20&#8243;][tm_heading tag=\u00bbh2&#8243; custom_google_font=\u00bb\u00bb align=\u00bbcenter\u00bb text=\u00bb\u00a1Estamos aqu\u00ed para ti!\u00bb font_size=\u00bblg:22&#8243; css=\u00bb.vc_custom_1745435261128{margin-bottom: 40px !important;}\u00bb][vc_column_text css=\u00bb.vc_custom_1723650279927{margin-bottom: 40px !important;}\u00bb el_class=\u00bbtext-our\u00bb] Nuestro equipo biling\u00fce est\u00e1 preparado para atender tus inquietudes y guiarte en este camino para alcanzar tu transformaci\u00f3n deseada. [\/vc_column_text][tm_image image=\u00bb7395&#8243;][\/vc_column][vc_column width=\u00bb1\/2&#8243; lg_spacing=\u00bbpadding_left:60&#8243; md_spacing=\u00bbpadding_left:60&#8243; sm_spacing=\u00bbpadding_left:60&#8243; xs_spacing=\u00bbpadding_right:20;padding_left:20&#8243;][vc_row_inner el_id=\u00bbcontacto2&#8243;][vc_column_inner xs_spacing=\u00bbmargin_top:20&#8243;][tm_heading tag=\u00bbh2&#8243; custom_google_font=\u00bb\u00bb align=\u00bbcenter\u00bb text=\u00bbAgenda tu consulta hoy\u00bb font_size=\u00bblg:22&#8243; css=\u00bb.vc_custom_1745435051944{margin-bottom: 40px !important;}\u00bb][vc_column_text css=\u00bb.vc_custom_1723650317591{margin-bottom: 40px !important;}\u00bb] D\u00e9janos tu informaci\u00f3n de contacto y nuestro equipo te contactar\u00e1 lo m\u00e1s\u00a0pronto\u00a0posible. [\/vc_column_text][tm_contact_form_7 id=\u00bb1385&#8243;][tm_heading tag=\u00bbdiv\u00bb custom_google_font=\u00bb\u00bb font_style=\u00bbitalic\u00bb align=\u00bbcenter\u00bb text=\u00bbSu direcci\u00f3n de correo electr\u00f3nico no se publicar\u00e1.\u00bb css=\u00bb.vc_custom_1689618646044{margin-top: 20px !important;}\u00bb][tm_spacer size=\u00bblg:60&#8243;][\/vc_column_inner][\/vc_row_inner][\/vc_column][\/vc_row][vc_row][vc_column][tm_box_icon style=\u00bb3&#8243; align=\u00bbcenter\u00bb animation=\u00bbmove-down\u00bb custom_border_color=\u00bb#ffffff\u00bb border_style=\u00bbdashed\u00bb image=\u00bb7435&#8243; button=\u00bb|||\u00bb lg_spacing=\u00bbmargin_bottom:10;border_bottom:1;padding_bottom:10&#8243;][\/vc_column][\/vc_row][vc_row][vc_column width=\u00bb1\/2&#8243; lg_spacing=\u00bbpadding_right:60&#8243; md_spacing=\u00bbpadding_right:60&#8243; sm_spacing=\u00bbpadding_right:60&#8243; xs_spacing=\u00bbpadding_right:20;padding_left:20&#8243;][tm_heading tag=\u00bbh2&#8243; custom_google_font=\u00bb\u00bb align=\u00bbcenter\u00bb el_class=\u00bbtitu-cont\u00bb text=\u00bb\u00bfD\u00f3nde estamos ubicados?\u00bb font_size=\u00bblg:36&#8243; css=\u00bb.vc_custom_1744037910896{margin-top: 20px !important;}\u00bb md_spacing=\u00bbmargin_bottom:27&#8243;][tm_spacer size=\u00bblg:20&#8243;][vc_raw_html]JTNDaWZyYW1lJTIwc3JjJTNEJTIyaHR0cHMlM0ElMkYlMkZ3d3cuZ29vZ2xlLmNvbSUyRm1hcHMlMkZlbWJlZCUzRnBiJTNEJTIxMW0xOCUyMTFtMTIlMjExbTMlMjExZDEzMjI3LjU4NjY4MDMxNTk3JTIxMmQtODQuMTQ1NDY4NzMwMjI0NjElMjEzZDM0LjAyMDg2MzE5OTk5OTk5NCUyMTJtMyUyMTFmMCUyMTJmMCUyMTNmMCUyMTNtMiUyMTFpMTAyNCUyMTJpNzY4JTIxNGYxMy4xJTIxM20zJTIxMW0yJTIxMXMweDg4ZjU5ODdiYmU1OTQ1MDUlMjUzQTB4YWZjNzhkZTlhNzkwZDlmYyUyMTJzMzk3MCUyNTIwUm9nZXJzJTI1MjBCcmlkZ2UlMjUyMFJkJTI1MkMlMjUyMER1bHV0aCUyNTJDJTI1MjBHQSUyNTIwMzAwOTclMjUyQyUyNTIwRUUuJTI1MjBVVS4lMjE1ZTAlMjEzbTIlMjExc2VzJTIxMnNjbyUyMTR2MTY4OTAxMTgzMTQzNiUyMTVtMiUyMTFzZXMlMjEyc2NvJTIyJTIwd2lkdGglM0QlMjI1MjUlMjIlMjBoZWlnaHQlM0QlMjI0MDAlMjIlMjBzdHlsZSUzRCUyMmJvcmRlciUzQTAlM0IlMjIlMjBhbGxvd2Z1bGxzY3JlZW4lM0QlMjIlMjIlMjBsb2FkaW5nJTNEJTIybGF6eSUyMiUyMHJlZmVycmVycG9saWN5JTNEJTIybm8tcmVmZXJyZXItd2hlbi1kb3duZ3JhZGUlMjIlM0UlM0MlMkZpZnJhbWUlM0U=[\/vc_raw_html][\/vc_column][vc_column width=\u00bb1\/2&#8243; lg_spacing=\u00bbpadding_left:60&#8243; md_spacing=\u00bbpadding_left:60&#8243; sm_spacing=\u00bbpadding_left:60&#8243; xs_spacing=\u00bbpadding_right:20;padding_left:20&#8243;][tm_spacer size=\u00bblg:90&#8243;][tm_box_icon style=\u00bb3&#8243; custom_border_color=\u00bb#d4d2d2&#8243; border_style=\u00bbdashed\u00bb image=\u00bb7422&#8243; heading=\u00bbUbicaci\u00f3n\u00bb button=\u00bbtarget:_blank\u00bb lg_spacing=\u00bbmargin_bottom:10;border_bottom:1;padding_bottom:10&#8243; link=\u00bburl:https%3A%2F%2Fwww.google.com%2Fmaps%2Fdir%2F%2F3970%2BRogers%2BBridge%2BRd%2BDuluth%2C%2BGA%2B30097%2BEE.%2BUU.%2F%4034.0208863%2C-84.1367372%2C14z%2Fdata%3D!4m5!4m4!1m0!1m2!1m1!1s0x88f5987bbe594505%3A0xafc78de9a790d9fc|target:_blank\u00bb text=\u00bb3970 Rogers Bridge Rd, Duluth, GA 30097, Estados Unidos\u00bb][tm_box_icon style=\u00bb3&#8243; custom_border_color=\u00bb#d4d2d2&#8243; border_style=\u00bbdashed\u00bb image=\u00bb7420&#8243; heading=\u00bbTel\u00e9fono\u00bb button=\u00bb|||\u00bb lg_spacing=\u00bbmargin_bottom:10;border_bottom:1;padding_bottom:-5&#8243; link=\u00bburl:tel%3A%2B17705458373&#8243; text=\u00bb+1 770-545-8373&#8243;][tm_box_icon style=\u00bb3&#8243; custom_border_color=\u00bb#d4d2d2&#8243; border_style=\u00bbdashed\u00bb image=\u00bb7418&#8243; heading=\u00bbEmail\u00bb button=\u00bb|||\u00bb lg_spacing=\u00bbmargin_bottom:10;border_bottom:1;padding_bottom:-5&#8243; link=\u00bburl:mailto%3Ainfo%40mendozaplasticsurgery.com\u00bb text=\u00bbinfo@mendozaplasticsurgery.com\u00bb][tm_box_icon style=\u00bb3&#8243; el_class=\u00bbhorario2&#8243; custom_border_color=\u00bb#d4d2d2&#8243; border_style=\u00bbdashed\u00bb image=\u00bb7424&#8243; heading=\u00bbHorarios\u00bb button=\u00bb|||\u00bb lg_spacing=\u00bbmargin_bottom:5;padding_bottom:-10&#8243; link=\u00bburl:%23contacto2&#8243; text=\u00bbLun &#8211; Vier 9:00 a.m. &#8211; 5:00 p.m.\u00bb][tm_spacer size=\u00bblg:25&#8243;][tm_social_networks style=\u00bbsolid-rounded-icon\u00bb align=\u00bbcenter\u00bb items=\u00bb%5B%7B%22title%22%3A%22Facebook%22%2C%22link%22%3A%22https%3A%2F%2Fwww.facebook.com%2Fpeople%2FMendoza-Plastic-Surgery%2F100092795257092%2F%22%2C%22icon_type%22%3A%22fontawesome5%22%2C%22icon_fontawesome5%22%3A%22fa-brands%20fa-facebook-f%22%7D%2C%7B%22title%22%3A%22Instagram%22%2C%22link%22%3A%22https%3A%2F%2Fwww.instagram.com%2Fmendozaplasticsurgery%2F%22%2C%22icon_type%22%3A%22fontawesome5%22%2C%22icon_fontawesome5%22%3A%22fa-brands%20fa-instagram%22%7D%2C%7B%22title%22%3A%22Tiktok%22%2C%22link%22%3A%22www.tiktok.com%2F%40mendozaplasticsurgery%22%2C%22icon_type%22%3A%22fontawesome5%22%2C%22icon_fontawesome5%22%3A%22fa-brands%20fa-tiktok%22%7D%2C%7B%22title%22%3A%22LinkedIn%22%2C%22link%22%3A%22https%3A%2F%2Fwww.linkedin.com%2Fin%2Fdelquis-r-mendoza-jr-88a70375%2F%22%2C%22icon_type%22%3A%22fontawesome5%22%2C%22icon_fontawesome5%22%3A%22fa-brands%20fa-linkedin-in%22%7D%5D\u00bb][tm_spacer size=\u00bblg:60&#8243;][\/vc_column][\/vc_row]<\/p>\n","protected":false},"author":1,"featured_media":0,"parent":0,"menu_order":0,"comment_status":"closed","ping_status":"closed","template":"","meta":{"footnotes":""},"class_list":["post-7381","page","type-page","status-publish","hentry"],"aioseo_notices":[],"_links":{"self":[{"href":"https:\/\/www.mendozaplasticsurgery.com\/es\/wp-json\/wp\/v2\/pages\/7381","targetHints":{"allow":["GET"]}}],"collection":[{"href":"https:\/\/www.mendozaplasticsurgery.com\/es\/wp-json\/wp\/v2\/pages"}],"about":[{"href":"https:\/\/www.mendozaplasticsurgery.com\/es\/wp-json\/wp\/v2\/types\/page"}],"author":[{"embeddable":true,"href":"https:\/\/www.mendozaplasticsurgery.com\/es\/wp-json\/wp\/v2\/users\/1"}],"replies":[{"embeddable":true,"href":"https:\/\/www.mendozaplasticsurgery.com\/es\/wp-json\/wp\/v2\/comments?post=7381"}],"version-history":[{"count":0,"href":"https:\/\/www.mendozaplasticsurgery.com\/es\/wp-json\/wp\/v2\/pages\/7381\/revisions"}],"wp:attachment":[{"href":"https:\/\/www.mendozaplasticsurgery.com\/es\/wp-json\/wp\/v2\/media?parent=7381"}],"curies":[{"name":"wp","href":"https:\/\/api.w.org\/{rel}","templated":true}]}}