{"id":6968,"date":"2023-09-18T18:45:43","date_gmt":"2023-09-18T22:45:43","guid":{"rendered":"https:\/\/www.mendozaplasticsurgery.com\/thanks\/"},"modified":"2025-04-08T15:59:41","modified_gmt":"2025-04-08T19:59:41","slug":"gracias","status":"publish","type":"page","link":"https:\/\/www.mendozaplasticsurgery.com\/es\/gracias\/","title":{"rendered":"Gracias"},"content":{"rendered":"<div class=\"wpb-content-wrapper\"><p>[vc_row custom_border_color=\u00bb\u00bb background_color=\u00bbcustom\u00bb][vc_column width=\u00bb1\/12&#8243;][\/vc_column][vc_column parallax=\u00bbcontent-moving\u00bb width=\u00bb5\/6&#8243; custom_border_color=\u00bb\u00bb][vc_row_inner custom_border_color=\u00bb\u00bb background_color=\u00bbcustom\u00bb][vc_column_inner][vc_column_text]<\/p>\n<h2 style=\"text-align: center;\" data-sourcepos=\"1:1-1:23\">\u00a1Tu suscripci\u00f3n ha sido exitosa!<\/h2>\n<p style=\"text-align: center;\" data-sourcepos=\"7:1-7:75\">Te estaremos enviando descuentos especiales e informaci\u00f3n de tu inter\u00e9s<\/p>\n<p style=\"text-align: center;\">Siempre conectados con Mendoza Plastic Surgery<\/p>\n<p>[\/vc_column_text][vc_column_text]<\/p>\n<p style=\"text-align: center;\" data-sourcepos=\"14:1-14:35\">S\u00edguenos en redes sociales.<\/p>\n<p>[\/vc_column_text][tm_spacer size=\u00bblg:10&#8243;][tm_social_networks style=\u00bbsolid-rounded-icon-02&#8243; align=\u00bbcenter\u00bb items=\u00bb%5B%7B%22title%22%3A%22Facebook%22%2C%22link%22%3A%22https%3A%2F%2Fwww.facebook.com%2Fpeople%2FMendoza-Plastic-Surgery%2F100092795257092%2F%22%2C%22icon_type%22%3A%22fontawesome5%22%2C%22icon_fontawesome5%22%3A%22fab%20fa-facebook-f%22%7D%2C%7B%22title%22%3A%22Instagram%22%2C%22link%22%3A%22https%3A%2F%2Fwww.instagram.com%2Fmendozaplasticsurgery%2F%22%2C%22icon_type%22%3A%22fontawesome5%22%2C%22icon_fontawesome5%22%3A%22fab%20fa-instagram%22%7D%5D\u00bb][\/vc_column_inner][\/vc_row_inner][\/vc_column][vc_column width=\u00bb1\/12&#8243;][\/vc_column][\/vc_row]<\/p>\n<\/div>","protected":false},"excerpt":{"rendered":"<p>[vc_row custom_border_color=\u00bb\u00bb background_color=\u00bbcustom\u00bb][vc_column width=\u00bb1\/12&#8243;][\/vc_column][vc_column parallax=\u00bbcontent-moving\u00bb width=\u00bb5\/6&#8243; custom_border_color=\u00bb\u00bb][vc_row_inner custom_border_color=\u00bb\u00bb background_color=\u00bbcustom\u00bb][vc_column_inner][vc_column_text] \u00a1Tu suscripci\u00f3n ha sido exitosa! Te estaremos enviando descuentos especiales e informaci\u00f3n de tu inter\u00e9s Siempre conectados con Mendoza Plastic Surgery [\/vc_column_text][vc_column_text] S\u00edguenos en redes sociales. [\/vc_column_text][tm_spacer size=\u00bblg:10&#8243;][tm_social_networks style=\u00bbsolid-rounded-icon-02&#8243; align=\u00bbcenter\u00bb items=\u00bb%5B%7B%22title%22%3A%22Facebook%22%2C%22link%22%3A%22https%3A%2F%2Fwww.facebook.com%2Fpeople%2FMendoza-Plastic-Surgery%2F100092795257092%2F%22%2C%22icon_type%22%3A%22fontawesome5%22%2C%22icon_fontawesome5%22%3A%22fab%20fa-facebook-f%22%7D%2C%7B%22title%22%3A%22Instagram%22%2C%22link%22%3A%22https%3A%2F%2Fwww.instagram.com%2Fmendozaplasticsurgery%2F%22%2C%22icon_type%22%3A%22fontawesome5%22%2C%22icon_fontawesome5%22%3A%22fab%20fa-instagram%22%7D%5D\u00bb][\/vc_column_inner][\/vc_row_inner][\/vc_column][vc_column width=\u00bb1\/12&#8243;][\/vc_column][\/vc_row]<\/p>\n","protected":false},"author":1,"featured_media":0,"parent":0,"menu_order":0,"comment_status":"closed","ping_status":"closed","template":"","meta":{"footnotes":""},"class_list":["post-6968","page","type-page","status-publish","hentry"],"aioseo_notices":[],"_links":{"self":[{"href":"https:\/\/www.mendozaplasticsurgery.com\/es\/wp-json\/wp\/v2\/pages\/6968","targetHints":{"allow":["GET"]}}],"collection":[{"href":"https:\/\/www.mendozaplasticsurgery.com\/es\/wp-json\/wp\/v2\/pages"}],"about":[{"href":"https:\/\/www.mendozaplasticsurgery.com\/es\/wp-json\/wp\/v2\/types\/page"}],"author":[{"embeddable":true,"href":"https:\/\/www.mendozaplasticsurgery.com\/es\/wp-json\/wp\/v2\/users\/1"}],"replies":[{"embeddable":true,"href":"https:\/\/www.mendozaplasticsurgery.com\/es\/wp-json\/wp\/v2\/comments?post=6968"}],"version-history":[{"count":0,"href":"https:\/\/www.mendozaplasticsurgery.com\/es\/wp-json\/wp\/v2\/pages\/6968\/revisions"}],"wp:attachment":[{"href":"https:\/\/www.mendozaplasticsurgery.com\/es\/wp-json\/wp\/v2\/media?parent=6968"}],"curies":[{"name":"wp","href":"https:\/\/api.w.org\/{rel}","templated":true}]}}