{"id":5480,"date":"2023-10-09T20:53:50","date_gmt":"2023-10-09T20:53:50","guid":{"rendered":"https:\/\/www.mendozaplasticsurgery.com\/?page_id=5480"},"modified":"2026-02-18T16:35:25","modified_gmt":"2026-02-18T20:35:25","slug":"financiacion","status":"publish","type":"page","link":"https:\/\/www.mendozaplasticsurgery.com\/es\/financiacion\/","title":{"rendered":"Financiaci\u00f3n"},"content":{"rendered":"<div class=\"wpb-content-wrapper\"><p>[vc_row xs_spacing=\u00bbmargin_top:-50&#8243; lg_spacing=\u00bbmargin_top:-60&#8243; md_spacing=\u00bbmargin_top:-20&#8243; sm_spacing=\u00bbmargin_top:-20&#8243;][vc_column][tm_heading tag=\u00bbh2&#8243; custom_google_font=\u00bb\u00bb text=\u00bbOpciones de pago y financiaci\u00f3n de cirug\u00eda est\u00e9tica\u00bb font_size=\u00bblg:25&#8243; xs_spacing=\u00bbmargin_top:-50&#8243;][tm_spacer size=\u00bblg:10&#8243;][vc_separator][tm_spacer size=\u00bblg:50&#8243;][\/vc_column][\/vc_row][vc_row xs_spacing=\u00bbmargin_top:-50&#8243;][vc_column][vc_column_text]<span style=\"font-weight: 400;\">Nuestro objetivo en Mendoza Plastic Surgery es garantizar que su experiencia sea lo m\u00e1s positiva y libre de estr\u00e9s posible.<\/span><\/p>\n<div id=\"gtx-trans\" style=\"position: absolute; left: -16px; top: 36px;\">\n<div class=\"gtx-trans-icon\"><\/div>\n<\/div>\n<p>[\/vc_column_text][tm_spacer size=\u00bbxs:60;lg:20&#8243;][\/vc_column][\/vc_row][vc_row][vc_column width=\u00bb1\/3&#8243;][tm_gallery style=\u00bbjustified\u00bb hover_style=\u00bbsimple\u00bb gutter=\u00bb30&#8243; row_gutter=\u00bb30&#8243; justify_row_height=\u00bb300&#8243; justify_max_row_height=\u00bb0&#8243; animation=\u00bbnone\u00bb border_color=\u00bbprimary\u00bb images=\u00bb5919,5923&#8243; xs_spacing=\u00bbmargin_top:-30;margin_bottom:10&#8243;][\/vc_column][vc_column width=\u00bb2\/3&#8243;][vc_column_text css=\u00bb\u00bb]<\/p>\n<h2 style=\"font-size: 18px !important;\"><b>Lo que necesita saber sobre consultas y honorarios quir\u00fargicos<\/b><\/h2>\n<h3 style=\"font-size: 17px !important;\"><b>Valor de la consulta<br \/>\n<\/b><\/h3>\n<p><span style=\"font-weight: 400;\">$50 al momento de la reserva.<\/span><span style=\"font-weight: 400;\"><br \/>\n<\/span><span style=\"font-weight: 400;\">Esta tarifa se aplicar\u00e1 a su costo quir\u00fargico si decide continuar con la cirug\u00eda.<\/span><\/p>\n<h3 style=\"font-size: 17px !important;\"><b>Cotizaci\u00f3n<\/b><\/h3>\n<p><span style=\"font-weight: 400;\">Efectivo, cheques personales, cheques de caja, giros postales y todas las principales tarjetas de cr\u00e9dito (VISA, MasterCard, Discover y American Express).<\/span><\/p>\n<p><span style=\"font-weight: 400;\">Obt\u00e9n un descuento por pronto pago del 3%.<\/span><\/p>\n<p><a href=\"https:\/\/www.mendozaplasticsurgery.com\/Politicas-espa%C3%B1ol.pdf\"><span style=\"font-weight: 400;\">Consulta la Pol\u00edtica de Tratamiento aqu\u00ed <\/span><\/a><\/p>\n<h3 style=\"font-size: 18px !important;\"><b>Financia tu cirug\u00eda est\u00e9tica<\/b><\/h3>\n<p><span style=\"font-weight: 400;\">A trav\u00e9s de Cherry o CareCredit.<\/span>[\/vc_column_text][\/vc_column][\/vc_row][vc_row][vc_column][tm_spacer size=\u00bblg:40&#8243;][\/vc_column][\/vc_row][vc_row][vc_column width=\u00bb1\/3&#8243; xs_spacing=\u00bbmargin_top:-50&#8243;][vc_column_text css=\u00bb\u00bb]<\/p>\n<h2 style=\"font-size: 17px !important;\"><b>Cherry<\/b><\/h2>\n<p><span style=\"font-weight: 400;\">Es una empresa de financiaci\u00f3n que ofrece la posibilidad de cubrir el monto de su cirug\u00eda pl\u00e1stica mediante pagos mensuales iguales.<\/span><\/p>\n<h3 style=\"font-size: 16px !important;\"><b>Beneficios:<\/b><\/h3>\n<ul>\n<li style=\"font-weight: 400;\" aria-level=\"1\"><span style=\"font-weight: 400;\">Opciones de pago flexibles<\/span><\/li>\n<li style=\"font-weight: 400;\" aria-level=\"1\"><span style=\"font-weight: 400;\">Aplica en segundos<\/span><\/li>\n<li style=\"font-weight: 400;\" aria-level=\"1\"><span style=\"font-weight: 400;\">Decisi\u00f3n instant\u00e1nea<\/span><\/li>\n<li style=\"font-weight: 400;\" aria-level=\"1\"><span style=\"font-weight: 400;\">Financiaci\u00f3n inmediata<\/span><\/li>\n<li style=\"font-weight: 400;\" aria-level=\"1\"><span style=\"font-weight: 400;\">Planes disponibles al 0% TAE<\/span><\/li>\n<li style=\"font-weight: 400;\" aria-level=\"1\"><span style=\"font-weight: 400;\">Sin tarjeta f\u00edsica\u00a0<\/span><\/li>\n<li style=\"font-weight: 400;\" aria-level=\"1\"><span style=\"font-weight: 400;\">La solicitud tiene impacto CERO en la puntuaci\u00f3n de cr\u00e9dito<\/span><\/li>\n<\/ul>\n<p style=\"text-align: left;\"><span style=\"font-weight: 400;\"><a href=\"https:\/\/pay.withcherry.com\/mendozaplasticsurgery\"><img loading=\"lazy\" decoding=\"async\" class=\"alignnone wp-image-5533\" src=\"https:\/\/www.mendozaplasticsurgery.com\/wp-content\/uploads\/2023\/10\/Logo-Primary.svg\" alt=\"\" width=\"112\" height=\"37\" \/><\/a><\/span><\/p>\n<p style=\"text-align: left;\"><a href=\"https:\/\/pay.withcherry.com\/mendozaplasticsurgery\" target=\"_blank\" rel=\"noopener\"><span style=\"font-weight: 400;\"><u>Solicite su financiamiento con Cherry aqu\u00ed\u00a0<\/u><\/span><\/a><\/p>\n<p>[\/vc_column_text][\/vc_column][vc_column width=\u00bb2\/3&#8243;][tm_image image=\u00bb7012&#8243; xs_spacing=\u00bbmargin_top:10&#8243;][\/vc_column][\/vc_row][vc_row][vc_column][tm_spacer size=\u00bblg:30&#8243;][\/vc_column][\/vc_row][vc_row][vc_column][tm_spacer size=\u00bblg:30&#8243;][\/vc_column][\/vc_row][vc_row disable_element=\u00bbyes\u00bb][vc_column width=\u00bb1\/3&#8243;][tm_gallery style=\u00bbjustified\u00bb hover_style=\u00bbsimple\u00bb gutter=\u00bb30&#8243; row_gutter=\u00bb30&#8243; justify_row_height=\u00bb300&#8243; justify_max_row_height=\u00bb0&#8243; animation=\u00bbnone\u00bb border_color=\u00bbprimary\u00bb images=\u00bb5919,5923&#8243; xs_spacing=\u00bbmargin_top:-50;margin_bottom:10&#8243;][\/vc_column][vc_column width=\u00bb2\/3&#8243;][vc_column_text css=\u00bb\u00bb]<\/p>\n<h3><b>CareCredit\u00a0<\/b><\/h3>\n<p><span style=\"font-weight: 400;\">Es una tarjeta de cr\u00e9dito que le permite financiar su cirug\u00eda est\u00e9tica.\u00a0<\/span><\/p>\n<h4><b>Beneficios:<\/b><b><br \/>\n<\/b><\/h4>\n<ul>\n<li style=\"font-weight: 400;\" aria-level=\"1\"><span style=\"font-weight: 400;\">Realizar su procedimiento cuando lo desee<\/span><\/li>\n<li style=\"font-weight: 400;\" aria-level=\"1\"><span style=\"font-weight: 400;\">Hacer pagos asequibles a lo largo del tiempo<\/span><\/li>\n<li style=\"font-weight: 400;\" aria-level=\"1\"><span style=\"font-weight: 400;\">Aprobaci\u00f3n instant\u00e1nea<\/span><\/li>\n<\/ul>\n<p>Al financiar su cirug\u00eda con la tarjeta, tiene la posibilidad de pagar el procedimiento en c\u00f3modas cuotas mensuales. CareCredit, ofrece aprobaci\u00f3n inmediata de los cr\u00e9ditos y planes a\u00a0<strong>muy bajo inter\u00e9s<\/strong>:<\/p>\n<p><strong>INTERESES DIFERIDOS<\/strong><\/p>\n<ul>\n<li>6 \u00f3 12 meses inter\u00e9s diferido<\/li>\n<\/ul>\n<p><strong>APR REDUCIDO\/PAGO FIJO<\/strong><\/p>\n<ul>\n<li>24, 36 o 48 meses con un-APR fijo<\/li>\n<\/ul>\n<p>Se cargar\u00e1n intereses en su cuenta desde la fecha de compra si el saldo promocional no se abona en su totalidad dentro del periodo promocional. Se requieren pagos mensuales m\u00ednimos.<\/p>\n<p><a href=\"https:\/\/www.carecredit.com\/\"> <img decoding=\"async\" class=\"CToWUd\" style=\"max-width: 100%; max-height: 400px;\" src=\"https:\/\/ci5.googleusercontent.com\/proxy\/l3Ih0X9uvdOMGuruxGmKWHiZt5R8Ybup8knOSo_-DRcyeJ1pMQn7dhVyyGBsHqjjeNpQ2kGfqBk7qrZc2YlTtsVdHXp1jTpbfgcAQZhYad99EKADHc8mrqA6xFnYNr1S7Z64ZT4I_Jjp=s0-d-e1-ft#https:\/\/www.carecredit.com\/sites\/pc\/image\/carecredit_button_financing_125x125_d_v3.png\" \/><\/a><\/p>\n<p><a href=\"https:\/\/www.carecredit.com\/\" target=\"_blank\" rel=\"noopener\"><span style=\"font-weight: 400;\"><u>Solicite su financiamiento con CareCredit aqu\u00ed<\/u><\/span><\/a>[\/vc_column_text][\/vc_column][\/vc_row][vc_row][vc_column width=\u00bb1\/3&#8243;][vc_row_inner][vc_column_inner][tm_image image_size=\u00bbcustom\u00bb image=\u00bb5920&#8243; image_size_width=\u00bb500&#8243; image_size_height=\u00bb500&#8243;][\/vc_column_inner][\/vc_row_inner][vc_row_inner][vc_column_inner][tm_image image_size=\u00bbcustom\u00bb image=\u00bb5924&#8243; image_size_width=\u00bb500&#8243; image_size_height=\u00bb500&#8243;][\/vc_column_inner][\/vc_row_inner][\/vc_column][vc_column width=\u00bb2\/3&#8243; xs_spacing=\u00bbmargin_top:20&#8243;][vc_column_text css=\u00bb\u00bb]<\/p>\n<h2 style=\"font-size: 17px !important;\"><b>CareCredit\u00a0<\/b><\/h2>\n<p><span style=\"font-weight: 400;\">Es una tarjeta de cr\u00e9dito que le permite financiar su cirug\u00eda est\u00e9tica.\u00a0<\/span><\/p>\n<h3 style=\"font-size: 16px !important;\"><b>Beneficios:<\/b><b><br \/>\n<\/b><\/h3>\n<ul>\n<li style=\"font-weight: 400;\" aria-level=\"1\"><span style=\"font-weight: 400;\">Realizar su procedimiento cuando lo desee<\/span><\/li>\n<li style=\"font-weight: 400;\" aria-level=\"1\"><span style=\"font-weight: 400;\">Hacer pagos asequibles a lo largo del tiempo<\/span><\/li>\n<li style=\"font-weight: 400;\" aria-level=\"1\"><span style=\"font-weight: 400;\">Aprobaci\u00f3n instant\u00e1nea<\/span><\/li>\n<\/ul>\n<p>Al financiar su cirug\u00eda con la tarjeta, tiene la posibilidad de pagar el procedimiento en c\u00f3modas cuotas mensuales. CareCredit, ofrece aprobaci\u00f3n inmediata de los cr\u00e9ditos y planes a\u00a0<strong>muy bajo inter\u00e9s<\/strong>:<\/p>\n<h3><strong>Intereses diferidos<\/strong><\/h3>\n<ul>\n<li>6 \u00f3 12 meses inter\u00e9s diferido<\/li>\n<\/ul>\n<h3><strong>Apr reducido\/pago fijo<\/strong><\/h3>\n<ul>\n<li>24, 36 o 48 meses con un-APR fijo<\/li>\n<\/ul>\n<p>Se cargar\u00e1n intereses en su cuenta desde la fecha de compra si el saldo promocional no se abona en su totalidad dentro del periodo promocional. Se requieren pagos mensuales m\u00ednimos.<\/p>\n<p><a href=\"https:\/\/www.carecredit.com\/\"> <img decoding=\"async\" class=\"CToWUd\" style=\"max-width: 100%; max-height: 400px;\" src=\"https:\/\/ci5.googleusercontent.com\/proxy\/l3Ih0X9uvdOMGuruxGmKWHiZt5R8Ybup8knOSo_-DRcyeJ1pMQn7dhVyyGBsHqjjeNpQ2kGfqBk7qrZc2YlTtsVdHXp1jTpbfgcAQZhYad99EKADHc8mrqA6xFnYNr1S7Z64ZT4I_Jjp=s0-d-e1-ft#https:\/\/www.carecredit.com\/sites\/pc\/image\/carecredit_button_financing_125x125_d_v3.png\" \/><\/a><\/p>\n<p><a href=\"https:\/\/www.carecredit.com\/\" target=\"_blank\" rel=\"noopener\"><span style=\"font-weight: 400;\"><u>Solicite su financiamiento con CareCredit aqu\u00ed<\/u><\/span><\/a>[\/vc_column_text][\/vc_column][\/vc_row][vc_row disable_element=\u00bbyes\u00bb][vc_column][tm_spacer size=\u00bblg:30&#8243;][vc_column_text css=\u00bb\u00bb]<\/p>\n<h2 style=\"font-size: 18px !important;\"><b>PatientFi<\/b><span style=\"font-weight: 400;\"><br \/>\n<\/span><\/h2>\n<p><span style=\"font-weight: 400;\">Es una empresa de financiaci\u00f3n que <\/span><span style=\"font-weight: 400;\">ofrece planes mensuales asequibles, para que pueda decir s\u00ed a los procedimientos electivos que desea.<\/span><\/p>\n<h3 style=\"font-size: 17px !important;\"><b>Beneficios:<\/b><\/h3>\n<ul>\n<li style=\"font-weight: 400;\" aria-level=\"1\"><span style=\"font-weight: 400;\">\u00a0Planes de pago mensual y amigables<\/span><\/li>\n<li style=\"font-weight: 400;\" aria-level=\"1\"><span style=\"font-weight: 400;\">\u00a0Aprobaciones m\u00e1s altas<\/span><\/li>\n<li style=\"font-weight: 400;\" aria-level=\"1\"><span style=\"font-weight: 400;\">R\u00e1pido, sencillo y f\u00e1cil<\/span><\/li>\n<li style=\"font-weight: 400;\" aria-level=\"1\"><span style=\"font-weight: 400;\">Es totalmente digital y f\u00e1cil de usar<\/span><\/li>\n<li style=\"font-weight: 400;\" aria-level=\"1\"><span style=\"font-weight: 400;\">Con servicios respaldados por personas reales que se preocupan por tu experiencia<\/span><\/li>\n<\/ul>\n<p><a href=\"https:\/\/app.patientfi.com\/v2\/mendoza-plastic-surgery\/apply\"><img loading=\"lazy\" decoding=\"async\" class=\"alignnone wp-image-7000\" src=\"https:\/\/www.mendozaplasticsurgery.com\/wp-content\/uploads\/2024\/05\/images.png\" alt=\"\" width=\"97\" height=\"97\" srcset=\"https:\/\/www.mendozaplasticsurgery.com\/wp-content\/uploads\/2024\/05\/images.png 225w, https:\/\/www.mendozaplasticsurgery.com\/wp-content\/uploads\/2024\/05\/images-150x150.png 150w, https:\/\/www.mendozaplasticsurgery.com\/wp-content\/uploads\/2024\/05\/images-100x100.png 100w\" sizes=\"auto, (max-width: 97px) 100vw, 97px\" \/><\/a><\/p>\n<p><a href=\"https:\/\/app.patientfi.com\/v2\/mendoza-plastic-surgery\/apply\"><span style=\"font-weight: 400;\"><u>Solicite su financiaci\u00f3n con PatienFi aqu\u00ed<\/u><\/span><\/a>[\/vc_column_text][\/vc_column][\/vc_row]<\/p>\n<\/div>","protected":false},"excerpt":{"rendered":"<p>[vc_row xs_spacing=\u00bbmargin_top:-50&#8243; lg_spacing=\u00bbmargin_top:-60&#8243; md_spacing=\u00bbmargin_top:-20&#8243; sm_spacing=\u00bbmargin_top:-20&#8243;][vc_column][tm_heading tag=\u00bbh2&#8243; custom_google_font=\u00bb\u00bb text=\u00bbOpciones de pago y financiaci\u00f3n de cirug\u00eda est\u00e9tica\u00bb font_size=\u00bblg:25&#8243; xs_spacing=\u00bbmargin_top:-50&#8243;][tm_spacer size=\u00bblg:10&#8243;][vc_separator][tm_spacer size=\u00bblg:50&#8243;][\/vc_column][\/vc_row][vc_row xs_spacing=\u00bbmargin_top:-50&#8243;][vc_column][vc_column_text]Nuestro objetivo en Mendoza Plastic Surgery es garantizar que su experiencia sea lo m\u00e1s positiva y libre de estr\u00e9s posible. [\/vc_column_text][tm_spacer size=\u00bbxs:60;lg:20&#8243;][\/vc_column][\/vc_row][vc_row][vc_column width=\u00bb1\/3&#8243;][tm_gallery style=\u00bbjustified\u00bb hover_style=\u00bbsimple\u00bb gutter=\u00bb30&#8243; row_gutter=\u00bb30&#8243; justify_row_height=\u00bb300&#8243; justify_max_row_height=\u00bb0&#8243; animation=\u00bbnone\u00bb border_color=\u00bbprimary\u00bb images=\u00bb5919,5923&#8243; xs_spacing=\u00bbmargin_top:-30;margin_bottom:10&#8243;][\/vc_column][vc_column width=\u00bb2\/3&#8243;][vc_column_text css=\u00bb\u00bb] Lo que necesita saber sobre consultas y honorarios quir\u00fargicos Valor de la consulta $50 al momento de la reserva. Esta tarifa se aplicar\u00e1 a su costo quir\u00fargico si decide continuar con la cirug\u00eda. Cotizaci\u00f3n Efectivo, cheques personales, cheques de caja, giros postales y todas las principales tarjetas de cr\u00e9dito (VISA, MasterCard, Discover y American Express). Obt\u00e9n un descuento por pronto pago del 3%. Consulta la Pol\u00edtica de Tratamiento aqu\u00ed Financia tu cirug\u00eda est\u00e9tica A trav\u00e9s de Cherry o CareCredit.[\/vc_column_text][\/vc_column][\/vc_row][vc_row][vc_column][tm_spacer size=\u00bblg:40&#8243;][\/vc_column][\/vc_row][vc_row][vc_column width=\u00bb1\/3&#8243; xs_spacing=\u00bbmargin_top:-50&#8243;][vc_column_text css=\u00bb\u00bb] Cherry Es una empresa de financiaci\u00f3n que ofrece la posibilidad de cubrir el monto de su cirug\u00eda pl\u00e1stica mediante pagos mensuales iguales. Beneficios: Opciones de pago flexibles Aplica en segundos Decisi\u00f3n instant\u00e1nea Financiaci\u00f3n inmediata Planes disponibles al 0% TAE Sin tarjeta f\u00edsica\u00a0 La solicitud tiene impacto CERO en la puntuaci\u00f3n de cr\u00e9dito Solicite su financiamiento con Cherry aqu\u00ed\u00a0 [\/vc_column_text][\/vc_column][vc_column width=\u00bb2\/3&#8243;][tm_image image=\u00bb7012&#8243; xs_spacing=\u00bbmargin_top:10&#8243;][\/vc_column][\/vc_row][vc_row][vc_column][tm_spacer size=\u00bblg:30&#8243;][\/vc_column][\/vc_row][vc_row][vc_column][tm_spacer size=\u00bblg:30&#8243;][\/vc_column][\/vc_row][vc_row disable_element=\u00bbyes\u00bb][vc_column width=\u00bb1\/3&#8243;][tm_gallery style=\u00bbjustified\u00bb hover_style=\u00bbsimple\u00bb gutter=\u00bb30&#8243; row_gutter=\u00bb30&#8243; justify_row_height=\u00bb300&#8243; justify_max_row_height=\u00bb0&#8243; animation=\u00bbnone\u00bb border_color=\u00bbprimary\u00bb images=\u00bb5919,5923&#8243; xs_spacing=\u00bbmargin_top:-50;margin_bottom:10&#8243;][\/vc_column][vc_column width=\u00bb2\/3&#8243;][vc_column_text css=\u00bb\u00bb] CareCredit\u00a0 Es una tarjeta de cr\u00e9dito que le permite financiar su cirug\u00eda est\u00e9tica.\u00a0 Beneficios: Realizar su procedimiento cuando lo desee Hacer pagos asequibles a lo largo del tiempo Aprobaci\u00f3n instant\u00e1nea Al financiar su cirug\u00eda con la tarjeta, tiene la posibilidad de pagar el procedimiento en c\u00f3modas cuotas mensuales. CareCredit, ofrece aprobaci\u00f3n inmediata de los cr\u00e9ditos y planes a\u00a0muy bajo inter\u00e9s: INTERESES DIFERIDOS 6 \u00f3 12 meses inter\u00e9s diferido APR REDUCIDO\/PAGO FIJO 24, 36 o 48 meses con un-APR fijo Se cargar\u00e1n intereses en su cuenta desde la fecha de compra si el saldo promocional no se abona en su totalidad dentro del periodo promocional. Se requieren pagos mensuales m\u00ednimos. Solicite su financiamiento con CareCredit aqu\u00ed[\/vc_column_text][\/vc_column][\/vc_row][vc_row][vc_column width=\u00bb1\/3&#8243;][vc_row_inner][vc_column_inner][tm_image image_size=\u00bbcustom\u00bb image=\u00bb5920&#8243; image_size_width=\u00bb500&#8243; image_size_height=\u00bb500&#8243;][\/vc_column_inner][\/vc_row_inner][vc_row_inner][vc_column_inner][tm_image image_size=\u00bbcustom\u00bb image=\u00bb5924&#8243; image_size_width=\u00bb500&#8243; image_size_height=\u00bb500&#8243;][\/vc_column_inner][\/vc_row_inner][\/vc_column][vc_column width=\u00bb2\/3&#8243; xs_spacing=\u00bbmargin_top:20&#8243;][vc_column_text css=\u00bb\u00bb] CareCredit\u00a0 Es una tarjeta de cr\u00e9dito que le permite financiar su cirug\u00eda est\u00e9tica.\u00a0 Beneficios: Realizar su procedimiento cuando lo desee Hacer pagos asequibles a lo largo del tiempo Aprobaci\u00f3n instant\u00e1nea Al financiar su cirug\u00eda con la tarjeta, tiene la posibilidad de pagar el procedimiento en c\u00f3modas cuotas mensuales. CareCredit, ofrece aprobaci\u00f3n inmediata de los cr\u00e9ditos y planes a\u00a0muy bajo inter\u00e9s: Intereses diferidos 6 \u00f3 12 meses inter\u00e9s diferido Apr reducido\/pago fijo 24, 36 o 48 meses con un-APR fijo Se cargar\u00e1n intereses en su cuenta desde la fecha de compra si el saldo promocional no se abona en su totalidad dentro del periodo promocional. Se requieren pagos mensuales m\u00ednimos. Solicite su financiamiento con CareCredit aqu\u00ed[\/vc_column_text][\/vc_column][\/vc_row][vc_row disable_element=\u00bbyes\u00bb][vc_column][tm_spacer size=\u00bblg:30&#8243;][vc_column_text css=\u00bb\u00bb] PatientFi Es una empresa de financiaci\u00f3n que ofrece planes mensuales asequibles, para que pueda decir s\u00ed a los procedimientos electivos que desea. Beneficios: \u00a0Planes de pago mensual y amigables \u00a0Aprobaciones m\u00e1s altas R\u00e1pido, sencillo y f\u00e1cil Es totalmente digital y f\u00e1cil de usar Con servicios respaldados por personas reales que se preocupan por tu experiencia Solicite su financiaci\u00f3n con PatienFi aqu\u00ed[\/vc_column_text][\/vc_column][\/vc_row]<\/p>\n","protected":false},"author":1,"featured_media":0,"parent":0,"menu_order":0,"comment_status":"closed","ping_status":"closed","template":"","meta":{"footnotes":""},"class_list":["post-5480","page","type-page","status-publish","hentry"],"aioseo_notices":[],"_links":{"self":[{"href":"https:\/\/www.mendozaplasticsurgery.com\/es\/wp-json\/wp\/v2\/pages\/5480","targetHints":{"allow":["GET"]}}],"collection":[{"href":"https:\/\/www.mendozaplasticsurgery.com\/es\/wp-json\/wp\/v2\/pages"}],"about":[{"href":"https:\/\/www.mendozaplasticsurgery.com\/es\/wp-json\/wp\/v2\/types\/page"}],"author":[{"embeddable":true,"href":"https:\/\/www.mendozaplasticsurgery.com\/es\/wp-json\/wp\/v2\/users\/1"}],"replies":[{"embeddable":true,"href":"https:\/\/www.mendozaplasticsurgery.com\/es\/wp-json\/wp\/v2\/comments?post=5480"}],"version-history":[{"count":0,"href":"https:\/\/www.mendozaplasticsurgery.com\/es\/wp-json\/wp\/v2\/pages\/5480\/revisions"}],"wp:attachment":[{"href":"https:\/\/www.mendozaplasticsurgery.com\/es\/wp-json\/wp\/v2\/media?parent=5480"}],"curies":[{"name":"wp","href":"https:\/\/api.w.org\/{rel}","templated":true}]}}