{"id":5209,"date":"2023-09-13T14:59:39","date_gmt":"2023-09-13T14:59:39","guid":{"rendered":"https:\/\/www.mendozaplasticsurgery.com\/?page_id=5209"},"modified":"2025-04-08T15:58:31","modified_gmt":"2025-04-08T19:58:31","slug":"politica-de-tratamiento-de-datos","status":"publish","type":"page","link":"https:\/\/www.mendozaplasticsurgery.com\/es\/politica-de-tratamiento-de-datos\/","title":{"rendered":"Pol\u00edtica de Tratamiento de Datos"},"content":{"rendered":"<div class=\"wpb-content-wrapper\"><p>[vc_row lg_spacing=\u00bbmargin_top:-70&#8243;][vc_column][vc_column_text css=\u00bb\u00bb el_class=\u00bbtext-politi\u00bb]<\/p>\n<p style=\"text-align: justify;\"><span style=\"font-weight: 400;\">Hemos recibido informaci\u00f3n de nuestros contactos de forma genuina y voluntaria, a trav\u00e9s de nuestra plataforma interna de datos. Todos los contactos descritos en nuestro listado nos han autorizado a utilizar su informaci\u00f3n, con base a las siguientes finalidades:<\/span><\/p>\n<p style=\"text-align: justify;\"><span style=\"font-weight: 400;\">\u2713 Mensajer\u00eda de Texto (SMS): todas las comunicaciones y\/o notificaciones enviadas por Mendoza Plastic Surgery v\u00eda mensaje de texto (SMS) ser\u00e1n enviadas desde nuestro equipo de marketing o terceros autorizados. <\/span><\/p>\n<p style=\"text-align: justify;\"><span style=\"font-weight: 400;\">\u2713 Correo Electr\u00f3nico (E-MAIL) Todas las comunicaciones y\/o notificaciones enviadas por Mendoza Plastic Surgery v\u00eda mailing (CORREO ELECTR\u00d3NICO) ser\u00e1n enviadas desde nuestro equipo de marketing o terceros autorizados, eximiendo de cualquier responsabilidad por la informaci\u00f3n suministrada por terceros ajenos al equipo de marketing.<\/span><\/p>\n<p style=\"text-align: justify;\"><span style=\"font-weight: 400;\">\u2713 Publicidad: Todas las comunicaciones realizadas por Mendoza Plastic Surgery, con el fin de brindar informaci\u00f3n sobre productos, servicios y comunicar estrategias o campa\u00f1as publicitarias.<\/span><\/p>\n<p><span style=\"font-weight: 400;\">\u2713 T\u00e9rminos y condiciones de uso de la plataforma: Constituyen los t\u00e9rminos que han de regular la utilizaci\u00f3n que los Consumidores den a la plataforma, as\u00ed como las relaciones contractuales que puedan generarse entre los usuarios y Mendoza Plastic Surgery.<\/span>[\/vc_column_text][\/vc_column][\/vc_row]<\/p>\n<\/div>","protected":false},"excerpt":{"rendered":"<p>[vc_row lg_spacing=\u00bbmargin_top:-70&#8243;][vc_column][vc_column_text css=\u00bb\u00bb el_class=\u00bbtext-politi\u00bb] Hemos recibido informaci\u00f3n de nuestros contactos de forma genuina y voluntaria, a trav\u00e9s de nuestra plataforma interna de datos. Todos los contactos descritos en nuestro listado nos han autorizado a utilizar su informaci\u00f3n, con base a las siguientes finalidades: \u2713 Mensajer\u00eda de Texto (SMS): todas las comunicaciones y\/o notificaciones enviadas por Mendoza Plastic Surgery v\u00eda mensaje de texto (SMS) ser\u00e1n enviadas desde nuestro equipo de marketing o terceros autorizados. \u2713 Correo Electr\u00f3nico (E-MAIL) Todas las comunicaciones y\/o notificaciones enviadas por Mendoza Plastic Surgery v\u00eda mailing (CORREO ELECTR\u00d3NICO) ser\u00e1n enviadas desde nuestro equipo de marketing o terceros autorizados, eximiendo de cualquier responsabilidad por la informaci\u00f3n suministrada por terceros ajenos al equipo de marketing. \u2713 Publicidad: Todas las comunicaciones realizadas por Mendoza Plastic Surgery, con el fin de brindar informaci\u00f3n sobre productos, servicios y comunicar estrategias o campa\u00f1as publicitarias. \u2713 T\u00e9rminos y condiciones de uso de la plataforma: Constituyen los t\u00e9rminos que han de regular la utilizaci\u00f3n que los Consumidores den a la plataforma, as\u00ed como las relaciones contractuales que puedan generarse entre los usuarios y Mendoza Plastic Surgery.[\/vc_column_text][\/vc_column][\/vc_row]<\/p>\n","protected":false},"author":1,"featured_media":0,"parent":0,"menu_order":0,"comment_status":"closed","ping_status":"closed","template":"","meta":{"footnotes":""},"class_list":["post-5209","page","type-page","status-publish","hentry"],"aioseo_notices":[],"_links":{"self":[{"href":"https:\/\/www.mendozaplasticsurgery.com\/es\/wp-json\/wp\/v2\/pages\/5209","targetHints":{"allow":["GET"]}}],"collection":[{"href":"https:\/\/www.mendozaplasticsurgery.com\/es\/wp-json\/wp\/v2\/pages"}],"about":[{"href":"https:\/\/www.mendozaplasticsurgery.com\/es\/wp-json\/wp\/v2\/types\/page"}],"author":[{"embeddable":true,"href":"https:\/\/www.mendozaplasticsurgery.com\/es\/wp-json\/wp\/v2\/users\/1"}],"replies":[{"embeddable":true,"href":"https:\/\/www.mendozaplasticsurgery.com\/es\/wp-json\/wp\/v2\/comments?post=5209"}],"version-history":[{"count":0,"href":"https:\/\/www.mendozaplasticsurgery.com\/es\/wp-json\/wp\/v2\/pages\/5209\/revisions"}],"wp:attachment":[{"href":"https:\/\/www.mendozaplasticsurgery.com\/es\/wp-json\/wp\/v2\/media?parent=5209"}],"curies":[{"name":"wp","href":"https:\/\/api.w.org\/{rel}","templated":true}]}}