{"id":1624,"date":"2018-12-01T08:29:12","date_gmt":"2018-12-01T08:29:12","guid":{"rendered":"https:\/\/mendozaplasticsurgery.com\/service-overview-3\/"},"modified":"2026-01-21T15:04:00","modified_gmt":"2026-01-21T19:04:00","slug":"procedimientos","status":"publish","type":"page","link":"https:\/\/www.mendozaplasticsurgery.com\/es\/procedimientos\/","title":{"rendered":"Procedimientos"},"content":{"rendered":"<div class=\"wpb-content-wrapper\"><p>[vc_row full_width=\u00bbstretch_row\u00bb background_color=\u00bbcustom\u00bb lg_spacing=\u00bbpadding_top:30&#8243;][vc_column][vc_row_inner gutter=\u00bbxs:30;sm:50;md:80;lg:100&#8243; xs_spacing=\u00bbmargin_top:30&#8243;][vc_column_inner][tm_heading tag=\u00bbdiv\u00bb custom_google_font=\u00bb\u00bb align=\u00bbcenter\u00bb text=\u00bbEn Mendoza Plastic Surgery realizamos una l\u00ednea completa de procedimientos quir\u00fargicos. Desde inyectables y cirug\u00edas faciales, hasta procedimientos corporales y mamarios. Nuestro equipo tiene la experiencia y la habilidad necesarias para ofrecerte los mejores resultados.\u00bb font_size=\u00bblg:18&#8243;][tm_spacer size=\u00bblg:30&#8243;][\/vc_column_inner][\/vc_row_inner][tm_spacer size=\u00bbxs:0;lg:40&#8243;][tm_service style=\u00bbgrid_classic_05&#8243; gutter=\u00bb30&#8243; row_gutter=\u00bb30&#8243; image_size=\u00bb370&#215;237&#8243; number=\u00bb35&#8243; filter_enable=\u00bb1&#8243; columns=\u00bbxs:1;sm:2;lg:3&#8243; filter_by=\u00bbservice_category:cuerpo, service_category:senos, service_category:faciales, service_category:inyectables, service_category:tratamientos\u00bb][tm_spacer size=\u00bblg:110&#8243;][\/vc_column][\/vc_row][vc_row full_width=\u00bbstretch_row_content_no_spaces\u00bb disable_element=\u00bbyes\u00bb][vc_column offset=\u00bbvc_col-lg-6&#8243;][vc_row_inner equal_height=\u00bbyes\u00bb background_color=\u00bbcustom\u00bb gutter=\u00bblg:0&#8243; custom_background_color=\u00bb#1a1a1a\u00bb][vc_column_inner width=\u00bb1\/2&#8243; background_image=\u00bb2812&#8243; background_position=\u00bbcenter center\u00bb xs_spacing=\u00bbpadding_top:500&#8243;][\/vc_column_inner][vc_column_inner width=\u00bb1\/2&#8243; lg_spacing=\u00bbpadding_top:80;padding_right:60;padding_bottom:77;padding_left:60&#8243;][tm_heading custom_google_font=\u00bb\u00bb text_color=\u00bbcustom\u00bb custom_text_color=\u00bb#ffffff\u00bb text=\u00bbInyectables\u00bb font_size=\u00bblg:36&#8243;][tm_spacer size=\u00bblg:26&#8243;][tm_heading tag=\u00bbdiv\u00bb custom_google_font=\u00bb\u00bb text_color=\u00bbcustom\u00bb custom_text_color=\u00bb#ffffff\u00bb text=\u00bbDile adi\u00f3s a las arrugas y l\u00edneas<br \/>\nde expresi\u00f3n\u00bb font_size=\u00bblg:20&#8243;][tm_spacer size=\u00bblg:50&#8243;][tm_button color=\u00bbcustom\u00bb button_bg_color=\u00bbcustom\u00bb font_color=\u00bbsecondary\u00bb button_border_color=\u00bbcustom\u00bb button_icon_color=\u00bb\u00bb button_bg_color_hover=\u00bbsecondary\u00bb font_color_hover=\u00bbcustom\u00bb button_border_color_hover=\u00bbsecondary\u00bb button_icon_color_hover=\u00bb\u00bb button=\u00bburl:https%3A%2F%2Fwww.mendozaplasticsurgery.com%2Fcontacto%2F|title:Reserva%20aqu%C3%AD|target:_blank\u00bb custom_button_bg_color=\u00bb#ffffff\u00bb custom_button_border_color=\u00bb#ffffff\u00bb custom_font_color_hover=\u00bb#ffffff\u00bb rounded=\u00bbReserva aqu\u00ed\u00bb][\/vc_column_inner][\/vc_row_inner][\/vc_column][vc_column offset=\u00bbvc_col-lg-6&#8243;][vc_row_inner equal_height=\u00bbyes\u00bb gutter=\u00bblg:0&#8243;][vc_column_inner width=\u00bb1\/2&#8243; background_image=\u00bb2811&#8243; background_position=\u00bbcenter center\u00bb xs_spacing=\u00bbpadding_top:500&#8243;][\/vc_column_inner][vc_column_inner width=\u00bb1\/2&#8243; background_color=\u00bbcustom\u00bb lg_spacing=\u00bbpadding_top:80;padding_right:60;padding_bottom:77;padding_left:60&#8243; custom_background_color=\u00bb#1a1a1a\u00bb][tm_heading custom_google_font=\u00bb\u00bb text_color=\u00bbcustom\u00bb custom_text_color=\u00bb#ffffff\u00bb text=\u00bbTratamientos\u00bb font_size=\u00bblg:36&#8243;][tm_spacer size=\u00bblg:26&#8243;][tm_heading tag=\u00bbdiv\u00bb custom_google_font=\u00bb\u00bb text_color=\u00bbcustom\u00bb custom_text_color=\u00bb#ffffff\u00bb text=\u00bbMejora el aspecto de la<br \/>\npiel del rostro\u00bb font_size=\u00bblg:20&#8243;][tm_spacer size=\u00bblg:50&#8243;][tm_button color=\u00bbcustom\u00bb button_bg_color=\u00bbcustom\u00bb font_color=\u00bbsecondary\u00bb button_border_color=\u00bbcustom\u00bb button_icon_color=\u00bb\u00bb button_bg_color_hover=\u00bbprimary\u00bb font_color_hover=\u00bbcustom\u00bb button_border_color_hover=\u00bbprimary\u00bb button_icon_color_hover=\u00bb\u00bb button=\u00bburl:https%3A%2F%2Fwww.mendozaplasticsurgery.com%2Fcontacto%2F|title:Reserva%20aqu%C3%AD|target:_blank\u00bb custom_button_bg_color=\u00bb#ffffff\u00bb custom_button_border_color=\u00bb#ffffff\u00bb custom_font_color_hover=\u00bb#ffffff\u00bb rounded=\u00bbReserva aqu\u00ed\u00bb][\/vc_column_inner][\/vc_row_inner][\/vc_column][\/vc_row][vc_row][vc_column][tm_spacer size=\u00bbxs:10;sm:10;md:10;lg:10&#8243;][\/vc_column][\/vc_row][vc_row][vc_column][vc_column_text][\/vc_column_text][\/vc_column][\/vc_row]<\/p>\n<\/div>","protected":false},"excerpt":{"rendered":"<p>[vc_row full_width=\u00bbstretch_row\u00bb background_color=\u00bbcustom\u00bb lg_spacing=\u00bbpadding_top:30&#8243;][vc_column][vc_row_inner gutter=\u00bbxs:30;sm:50;md:80;lg:100&#8243; xs_spacing=\u00bbmargin_top:30&#8243;][vc_column_inner][tm_heading tag=\u00bbdiv\u00bb custom_google_font=\u00bb\u00bb align=\u00bbcenter\u00bb text=\u00bbEn Mendoza Plastic Surgery realizamos una l\u00ednea completa de procedimientos quir\u00fargicos. Desde inyectables y cirug\u00edas faciales, hasta procedimientos corporales y mamarios. Nuestro equipo tiene la experiencia y la habilidad necesarias para ofrecerte los mejores resultados.\u00bb font_size=\u00bblg:18&#8243;][tm_spacer size=\u00bblg:30&#8243;][\/vc_column_inner][\/vc_row_inner][tm_spacer size=\u00bbxs:0;lg:40&#8243;][tm_service style=\u00bbgrid_classic_05&#8243; gutter=\u00bb30&#8243; row_gutter=\u00bb30&#8243; image_size=\u00bb370&#215;237&#8243; number=\u00bb35&#8243; filter_enable=\u00bb1&#8243; columns=\u00bbxs:1;sm:2;lg:3&#8243; filter_by=\u00bbservice_category:cuerpo, service_category:senos, service_category:faciales, service_category:inyectables, service_category:tratamientos\u00bb][tm_spacer size=\u00bblg:110&#8243;][\/vc_column][\/vc_row][vc_row full_width=\u00bbstretch_row_content_no_spaces\u00bb disable_element=\u00bbyes\u00bb][vc_column offset=\u00bbvc_col-lg-6&#8243;][vc_row_inner equal_height=\u00bbyes\u00bb background_color=\u00bbcustom\u00bb gutter=\u00bblg:0&#8243; custom_background_color=\u00bb#1a1a1a\u00bb][vc_column_inner width=\u00bb1\/2&#8243; background_image=\u00bb2812&#8243; background_position=\u00bbcenter center\u00bb xs_spacing=\u00bbpadding_top:500&#8243;][\/vc_column_inner][vc_column_inner width=\u00bb1\/2&#8243; lg_spacing=\u00bbpadding_top:80;padding_right:60;padding_bottom:77;padding_left:60&#8243;][tm_heading custom_google_font=\u00bb\u00bb text_color=\u00bbcustom\u00bb custom_text_color=\u00bb#ffffff\u00bb text=\u00bbInyectables\u00bb font_size=\u00bblg:36&#8243;][tm_spacer size=\u00bblg:26&#8243;][tm_heading tag=\u00bbdiv\u00bb custom_google_font=\u00bb\u00bb text_color=\u00bbcustom\u00bb custom_text_color=\u00bb#ffffff\u00bb text=\u00bbDile adi\u00f3s a las arrugas y l\u00edneas de expresi\u00f3n\u00bb font_size=\u00bblg:20&#8243;][tm_spacer size=\u00bblg:50&#8243;][tm_button color=\u00bbcustom\u00bb button_bg_color=\u00bbcustom\u00bb font_color=\u00bbsecondary\u00bb button_border_color=\u00bbcustom\u00bb button_icon_color=\u00bb\u00bb button_bg_color_hover=\u00bbsecondary\u00bb font_color_hover=\u00bbcustom\u00bb button_border_color_hover=\u00bbsecondary\u00bb button_icon_color_hover=\u00bb\u00bb button=\u00bburl:https%3A%2F%2Fwww.mendozaplasticsurgery.com%2Fcontacto%2F|title:Reserva%20aqu%C3%AD|target:_blank\u00bb custom_button_bg_color=\u00bb#ffffff\u00bb custom_button_border_color=\u00bb#ffffff\u00bb custom_font_color_hover=\u00bb#ffffff\u00bb rounded=\u00bbReserva aqu\u00ed\u00bb][\/vc_column_inner][\/vc_row_inner][\/vc_column][vc_column offset=\u00bbvc_col-lg-6&#8243;][vc_row_inner equal_height=\u00bbyes\u00bb gutter=\u00bblg:0&#8243;][vc_column_inner width=\u00bb1\/2&#8243; background_image=\u00bb2811&#8243; background_position=\u00bbcenter center\u00bb xs_spacing=\u00bbpadding_top:500&#8243;][\/vc_column_inner][vc_column_inner width=\u00bb1\/2&#8243; background_color=\u00bbcustom\u00bb lg_spacing=\u00bbpadding_top:80;padding_right:60;padding_bottom:77;padding_left:60&#8243; custom_background_color=\u00bb#1a1a1a\u00bb][tm_heading custom_google_font=\u00bb\u00bb text_color=\u00bbcustom\u00bb custom_text_color=\u00bb#ffffff\u00bb text=\u00bbTratamientos\u00bb font_size=\u00bblg:36&#8243;][tm_spacer size=\u00bblg:26&#8243;][tm_heading tag=\u00bbdiv\u00bb custom_google_font=\u00bb\u00bb text_color=\u00bbcustom\u00bb custom_text_color=\u00bb#ffffff\u00bb text=\u00bbMejora el aspecto de la piel del rostro\u00bb font_size=\u00bblg:20&#8243;][tm_spacer size=\u00bblg:50&#8243;][tm_button color=\u00bbcustom\u00bb button_bg_color=\u00bbcustom\u00bb font_color=\u00bbsecondary\u00bb button_border_color=\u00bbcustom\u00bb button_icon_color=\u00bb\u00bb button_bg_color_hover=\u00bbprimary\u00bb font_color_hover=\u00bbcustom\u00bb button_border_color_hover=\u00bbprimary\u00bb button_icon_color_hover=\u00bb\u00bb button=\u00bburl:https%3A%2F%2Fwww.mendozaplasticsurgery.com%2Fcontacto%2F|title:Reserva%20aqu%C3%AD|target:_blank\u00bb custom_button_bg_color=\u00bb#ffffff\u00bb custom_button_border_color=\u00bb#ffffff\u00bb custom_font_color_hover=\u00bb#ffffff\u00bb rounded=\u00bbReserva aqu\u00ed\u00bb][\/vc_column_inner][\/vc_row_inner][\/vc_column][\/vc_row][vc_row][vc_column][tm_spacer size=\u00bbxs:10;sm:10;md:10;lg:10&#8243;][\/vc_column][\/vc_row][vc_row][vc_column][vc_column_text][\/vc_column_text][\/vc_column][\/vc_row]<\/p>\n","protected":false},"author":1,"featured_media":0,"parent":0,"menu_order":0,"comment_status":"closed","ping_status":"closed","template":"","meta":{"footnotes":""},"class_list":["post-1624","page","type-page","status-publish","hentry"],"aioseo_notices":[],"_links":{"self":[{"href":"https:\/\/www.mendozaplasticsurgery.com\/es\/wp-json\/wp\/v2\/pages\/1624","targetHints":{"allow":["GET"]}}],"collection":[{"href":"https:\/\/www.mendozaplasticsurgery.com\/es\/wp-json\/wp\/v2\/pages"}],"about":[{"href":"https:\/\/www.mendozaplasticsurgery.com\/es\/wp-json\/wp\/v2\/types\/page"}],"author":[{"embeddable":true,"href":"https:\/\/www.mendozaplasticsurgery.com\/es\/wp-json\/wp\/v2\/users\/1"}],"replies":[{"embeddable":true,"href":"https:\/\/www.mendozaplasticsurgery.com\/es\/wp-json\/wp\/v2\/comments?post=1624"}],"version-history":[{"count":0,"href":"https:\/\/www.mendozaplasticsurgery.com\/es\/wp-json\/wp\/v2\/pages\/1624\/revisions"}],"wp:attachment":[{"href":"https:\/\/www.mendozaplasticsurgery.com\/es\/wp-json\/wp\/v2\/media?parent=1624"}],"curies":[{"name":"wp","href":"https:\/\/api.w.org\/{rel}","templated":true}]}}