{"id":10894,"date":"2025-04-21T17:21:14","date_gmt":"2025-04-21T21:21:14","guid":{"rendered":"https:\/\/www.mendozaplasticsurgery.com\/facetite-and-morpheus8\/"},"modified":"2025-04-25T16:32:56","modified_gmt":"2025-04-25T20:32:56","slug":"facetite-y-morpheus8","status":"publish","type":"page","link":"https:\/\/www.mendozaplasticsurgery.com\/es\/facetite-y-morpheus8\/","title":{"rendered":"FaceTite y Morpheus8"},"content":{"rendered":"<div class=\"wpb-content-wrapper\"><p>[vc_row el_class=\u00bbbefore-after-es\u00bb][vc_column width=\u00bb1\/4&#8243;][\/vc_column][vc_column width=\u00bb1\/2&#8243;][tm_heading tag=\u00bbh2&#8243; custom_google_font=\u00bb\u00bb align=\u00bbcenter\u00bb text=\u00bbFaceTite y Morpheus8&#8243; max_width=\u00bb770px\u00bb font_size=\u00bbxs:24;lg:36&#8243;][tm_spacer size=\u00bblg:15&#8243;][vc_column_text css=\u00bb\u00bb]<span style=\"font-weight: 400;\">3 meses despu\u00e9s de FaceTite y 3 tratamientos con Morpheus8. La paciente ten\u00eda flacidez en el cuello y buscaba una mejor\u00eda sin mucho tiempo de recuperaci\u00f3n. <\/span>[\/vc_column_text][tm_spacer size=\u00bblg:15&#8243;][vc_masonry_media_grid element_width=\u00bb6&#8243; css=\u00bb\u00bb grid_id=\u00bbvc_gid:1745613150948-57c9dfd7-2150-4&#8243; include=\u00bb10885,10887,10889,10883&#8243;][tm_spacer size=\u00bblg:50&#8243;][\/vc_column][vc_column width=\u00bb1\/4&#8243;][\/vc_column][\/vc_row][vc_row el_class=\u00bbbefore-after-movil\u00bb][vc_column width=\u00bb1\/4&#8243;][\/vc_column][vc_column width=\u00bb1\/2&#8243;][tm_heading tag=\u00bbh2&#8243; custom_google_font=\u00bb\u00bb align=\u00bbcenter\u00bb text=\u00bbFaceTite y Morpheus8&#8243; max_width=\u00bb770px\u00bb font_size=\u00bbxs:24;lg:36&#8243;][tm_spacer size=\u00bblg:15&#8243;][vc_column_text css=\u00bb\u00bb]<span style=\"font-weight: 400;\">3 meses despu\u00e9s de FaceTite y 3 tratamientos con Morpheus8. La paciente ten\u00eda flacidez en el cuello y buscaba una mejor\u00eda sin mucho tiempo de recuperaci\u00f3n. <\/span>[\/vc_column_text][tm_spacer size=\u00bblg:15&#8243;][vc_raw_html css=\u00bb\u00bb]PGRpdiBjbGFzcz0iY29udGFpbmVyMSI+IAogICAgPGRpdiBjbGFzcz0iY29sdW1uMSI+CiAgICAgICAgPGltZyBzcmM9Imh0dHBzOi8vd3d3Lm1lbmRvemFwbGFzdGljc3VyZ2VyeS5jb20vd3AtY29udGVudC91cGxvYWRzLzIwMjUvMDQvMS4tQW50ZXMtQS4tUEFDSEVDTy5wbmciPgogICAgICAgIDxpbWcgc3JjPSJodHRwczovL3d3dy5tZW5kb3phcGxhc3RpY3N1cmdlcnkuY29tL3dwLWNvbnRlbnQvdXBsb2Fkcy8yMDI1LzA0LzIuLUFudGVzLUEuLVBBQ0hFQ08ucG5nIj4KICAgIDwvZGl2PgogICAgPGRpdiBjbGFzcz0iY29sdW1uMSI+CiAgICAgICAgPGltZyBzcmM9Imh0dHBzOi8vd3d3Lm1lbmRvemFwbGFzdGljc3VyZ2VyeS5jb20vd3AtY29udGVudC91cGxvYWRzLzIwMjUvMDQvMS4tRGVzcHVlcy1BLi1QQUNIRUNPLnBuZyI+CiAgICAgICAgPGltZyBzcmM9Imh0dHBzOi8vd3d3Lm1lbmRvemFwbGFzdGljc3VyZ2VyeS5jb20vd3AtY29udGVudC91cGxvYWRzLzIwMjUvMDQvMi4tRGVzcHVlcy1BLi1QQUNIRUNPLnBuZyI+ICAgICAgICAKICAgIDwvZGl2Pgo8L2Rpdj4KCjwhLS0gSW1hZ2UgVmlld2VyIC0tPgo8ZGl2IGlkPSJpbWFnZVZpZXdlciIgY2xhc3M9ImltYWdlVmlld2VyIj4KICAgIDxzcGFuIGNsYXNzPSJpbWFnZVZpZXdlci1jbG9zZSIgb25jbGljaz0iY2xvc2VJbWFnZVZpZXdlcigpIj7Dlzwvc3Bhbj4KICAgIDxkaXYgY2xhc3M9ImltYWdlVmlld2VyLWNvbnRlbnQiPgogICAgICAgIDxpbWcgaWQ9ImltYWdlVmlld2VyLWltZyIgc3JjPSIiPgogICAgPC9kaXY+CiAgICA8YSBjbGFzcz0iaW1hZ2VWaWV3ZXItcHJldiIgb25jbGljaz0iY2hhbmdlSW1hZ2UoLTEpIj7ina48L2E+IDwhLS0gRmxlY2hhIGl6cXVpZXJkYSAtLT4KICAgIDxhIGNsYXNzPSJpbWFnZVZpZXdlci1uZXh0IiBvbmNsaWNrPSJjaGFuZ2VJbWFnZSgxKSI+4p2vPC9hPiA8IS0tIEZsZWNoYSBkZXJlY2hhIC0tPgo8L2Rpdj4K[\/vc_raw_html][tm_spacer size=\u00bblg:50&#8243;][\/vc_column][vc_column width=\u00bb1\/4&#8243;][\/vc_column][\/vc_row]<\/p>\n<\/div>","protected":false},"excerpt":{"rendered":"<p>[vc_row el_class=\u00bbbefore-after-es\u00bb][vc_column width=\u00bb1\/4&#8243;][\/vc_column][vc_column width=\u00bb1\/2&#8243;][tm_heading tag=\u00bbh2&#8243; custom_google_font=\u00bb\u00bb align=\u00bbcenter\u00bb text=\u00bbFaceTite y Morpheus8&#8243; max_width=\u00bb770px\u00bb font_size=\u00bbxs:24;lg:36&#8243;][tm_spacer size=\u00bblg:15&#8243;][vc_column_text css=\u00bb\u00bb]3 meses despu\u00e9s de FaceTite y 3 tratamientos con Morpheus8. La paciente ten\u00eda flacidez en el cuello y buscaba una mejor\u00eda sin mucho tiempo de recuperaci\u00f3n. [\/vc_column_text][tm_spacer size=\u00bblg:15&#8243;][vc_masonry_media_grid element_width=\u00bb6&#8243; css=\u00bb\u00bb grid_id=\u00bbvc_gid:1745613150948-57c9dfd7-2150-4&#8243; include=\u00bb10885,10887,10889,10883&#8243;][tm_spacer size=\u00bblg:50&#8243;][\/vc_column][vc_column width=\u00bb1\/4&#8243;][\/vc_column][\/vc_row][vc_row el_class=\u00bbbefore-after-movil\u00bb][vc_column width=\u00bb1\/4&#8243;][\/vc_column][vc_column width=\u00bb1\/2&#8243;][tm_heading tag=\u00bbh2&#8243; custom_google_font=\u00bb\u00bb align=\u00bbcenter\u00bb text=\u00bbFaceTite y Morpheus8&#8243; max_width=\u00bb770px\u00bb font_size=\u00bbxs:24;lg:36&#8243;][tm_spacer size=\u00bblg:15&#8243;][vc_column_text css=\u00bb\u00bb]3 meses despu\u00e9s de FaceTite y 3 tratamientos con Morpheus8. La paciente ten\u00eda flacidez en el cuello y buscaba una mejor\u00eda sin mucho tiempo de recuperaci\u00f3n. [\/vc_column_text][tm_spacer size=\u00bblg:15&#8243;][vc_raw_html css=\u00bb\u00bb]PGRpdiBjbGFzcz0iY29udGFpbmVyMSI+IAogICAgPGRpdiBjbGFzcz0iY29sdW1uMSI+CiAgICAgICAgPGltZyBzcmM9Imh0dHBzOi8vd3d3Lm1lbmRvemFwbGFzdGljc3VyZ2VyeS5jb20vd3AtY29udGVudC91cGxvYWRzLzIwMjUvMDQvMS4tQW50ZXMtQS4tUEFDSEVDTy5wbmciPgogICAgICAgIDxpbWcgc3JjPSJodHRwczovL3d3dy5tZW5kb3phcGxhc3RpY3N1cmdlcnkuY29tL3dwLWNvbnRlbnQvdXBsb2Fkcy8yMDI1LzA0LzIuLUFudGVzLUEuLVBBQ0hFQ08ucG5nIj4KICAgIDwvZGl2PgogICAgPGRpdiBjbGFzcz0iY29sdW1uMSI+CiAgICAgICAgPGltZyBzcmM9Imh0dHBzOi8vd3d3Lm1lbmRvemFwbGFzdGljc3VyZ2VyeS5jb20vd3AtY29udGVudC91cGxvYWRzLzIwMjUvMDQvMS4tRGVzcHVlcy1BLi1QQUNIRUNPLnBuZyI+CiAgICAgICAgPGltZyBzcmM9Imh0dHBzOi8vd3d3Lm1lbmRvemFwbGFzdGljc3VyZ2VyeS5jb20vd3AtY29udGVudC91cGxvYWRzLzIwMjUvMDQvMi4tRGVzcHVlcy1BLi1QQUNIRUNPLnBuZyI+ICAgICAgICAKICAgIDwvZGl2Pgo8L2Rpdj4KCjwhLS0gSW1hZ2UgVmlld2VyIC0tPgo8ZGl2IGlkPSJpbWFnZVZpZXdlciIgY2xhc3M9ImltYWdlVmlld2VyIj4KICAgIDxzcGFuIGNsYXNzPSJpbWFnZVZpZXdlci1jbG9zZSIgb25jbGljaz0iY2xvc2VJbWFnZVZpZXdlcigpIj7Dlzwvc3Bhbj4KICAgIDxkaXYgY2xhc3M9ImltYWdlVmlld2VyLWNvbnRlbnQiPgogICAgICAgIDxpbWcgaWQ9ImltYWdlVmlld2VyLWltZyIgc3JjPSIiPgogICAgPC9kaXY+CiAgICA8YSBjbGFzcz0iaW1hZ2VWaWV3ZXItcHJldiIgb25jbGljaz0iY2hhbmdlSW1hZ2UoLTEpIj7ina48L2E+IDwhLS0gRmxlY2hhIGl6cXVpZXJkYSAtLT4KICAgIDxhIGNsYXNzPSJpbWFnZVZpZXdlci1uZXh0IiBvbmNsaWNrPSJjaGFuZ2VJbWFnZSgxKSI+4p2vPC9hPiA8IS0tIEZsZWNoYSBkZXJlY2hhIC0tPgo8L2Rpdj4K[\/vc_raw_html][tm_spacer size=\u00bblg:50&#8243;][\/vc_column][vc_column width=\u00bb1\/4&#8243;][\/vc_column][\/vc_row]<\/p>\n","protected":false},"author":1,"featured_media":0,"parent":0,"menu_order":0,"comment_status":"closed","ping_status":"closed","template":"","meta":{"footnotes":""},"class_list":["post-10894","page","type-page","status-publish","hentry"],"aioseo_notices":[],"_links":{"self":[{"href":"https:\/\/www.mendozaplasticsurgery.com\/es\/wp-json\/wp\/v2\/pages\/10894","targetHints":{"allow":["GET"]}}],"collection":[{"href":"https:\/\/www.mendozaplasticsurgery.com\/es\/wp-json\/wp\/v2\/pages"}],"about":[{"href":"https:\/\/www.mendozaplasticsurgery.com\/es\/wp-json\/wp\/v2\/types\/page"}],"author":[{"embeddable":true,"href":"https:\/\/www.mendozaplasticsurgery.com\/es\/wp-json\/wp\/v2\/users\/1"}],"replies":[{"embeddable":true,"href":"https:\/\/www.mendozaplasticsurgery.com\/es\/wp-json\/wp\/v2\/comments?post=10894"}],"version-history":[{"count":0,"href":"https:\/\/www.mendozaplasticsurgery.com\/es\/wp-json\/wp\/v2\/pages\/10894\/revisions"}],"wp:attachment":[{"href":"https:\/\/www.mendozaplasticsurgery.com\/es\/wp-json\/wp\/v2\/media?parent=10894"}],"curies":[{"name":"wp","href":"https:\/\/api.w.org\/{rel}","templated":true}]}}