{"id":10839,"date":"2025-04-21T16:33:58","date_gmt":"2025-04-21T20:33:58","guid":{"rendered":"https:\/\/www.mendozaplasticsurgery.com\/blefaroplastia-superior\/"},"modified":"2025-04-25T15:51:57","modified_gmt":"2025-04-25T19:51:57","slug":"blefaroplastia","status":"publish","type":"page","link":"https:\/\/www.mendozaplasticsurgery.com\/es\/blefaroplastia\/","title":{"rendered":"Blefaroplastia"},"content":{"rendered":"<div class=\"wpb-content-wrapper\"><p>[vc_row el_class=\u00bbbefore-after-es\u00bb][vc_column width=\u00bb1\/2&#8243;][tm_heading tag=\u00bbh2&#8243; custom_google_font=\u00bb\u00bb align=\u00bbcenter\u00bb text=\u00bbBlefaroplastia Superior\u00bb max_width=\u00bb770px\u00bb font_size=\u00bbxs:24;lg:36&#8243;][tm_spacer size=\u00bblg:15&#8243;][vc_column_text css=\u00bb\u00bb]3 semanas despu\u00e9s de una Blefaroplastia Superior. La cicatriz seguir\u00e1 mejorando con el tiempo.[\/vc_column_text][tm_spacer size=\u00bblg:15&#8243;][vc_masonry_media_grid element_width=\u00bb6&#8243; css=\u00bb\u00bb grid_id=\u00bbvc_gid:1745610678869-b89bbba0-9de5-3&#8243; include=\u00bb10829,10831&#8243;][tm_spacer size=\u00bblg:50&#8243;][\/vc_column][vc_column width=\u00bb1\/2&#8243;][tm_heading tag=\u00bbh2&#8243; custom_google_font=\u00bb\u00bb align=\u00bbcenter\u00bb text=\u00bbBlefaroplastia Inferior\u00bb max_width=\u00bb770px\u00bb font_size=\u00bbxs:24;lg:36&#8243;][tm_spacer size=\u00bblg:15&#8243;][vc_column_text css=\u00bb\u00bb]<span style=\"font-weight: 400;\">3 meses despu\u00e9s de una Blefaroplastia Inferior. <\/span>[\/vc_column_text][tm_spacer size=\u00bbxs:15;lg:43&#8243;][vc_masonry_media_grid element_width=\u00bb6&#8243; css=\u00bb\u00bb grid_id=\u00bbvc_gid:1745610678870-1f2ade15-342d-0&#8243; include=\u00bb10847,10849&#8243;][tm_spacer size=\u00bblg:50&#8243;][\/vc_column][\/vc_row][vc_row el_class=\u00bbbefore-after-movil\u00bb][vc_column width=\u00bb1\/2&#8243;][tm_heading tag=\u00bbh2&#8243; custom_google_font=\u00bb\u00bb align=\u00bbcenter\u00bb text=\u00bbBlefaroplastia Superior\u00bb max_width=\u00bb770px\u00bb font_size=\u00bbxs:24;lg:36&#8243;][tm_spacer size=\u00bblg:15&#8243;][vc_column_text css=\u00bb\u00bb]3 semanas despu\u00e9s de una Blefaroplastia Superior. La cicatriz seguir\u00e1 mejorando con el tiempo.[\/vc_column_text][tm_spacer size=\u00bblg:15&#8243;][vc_raw_html css=\u00bb\u00bb]PGRpdiBjbGFzcz0iY29udGFpbmVyMSI+IAogICAgPGRpdiBjbGFzcz0iY29sdW1uMSI+CiAgICAgICAgPGltZyBzcmM9Imh0dHBzOi8vd3d3Lm1lbmRvemFwbGFzdGljc3VyZ2VyeS5jb20vd3AtY29udGVudC91cGxvYWRzLzIwMjUvMDQvMS4tQW50ZXMtQS4tSGVybmFuZGV6LmpwZyI+CiAgICA8L2Rpdj4KICAgIDxkaXYgY2xhc3M9ImNvbHVtbjEiPgogICAgICAgIDxpbWcgc3JjPSJodHRwczovL3d3dy5tZW5kb3phcGxhc3RpY3N1cmdlcnkuY29tL3dwLWNvbnRlbnQvdXBsb2Fkcy8yMDI1LzA0LzEuLURlc3B1ZXMtQS4tSGVybmFuZGV6LmpwZyI+CiAgICA8L2Rpdj4KPC9kaXY+Cgo8IS0tIEltYWdlIFZpZXdlciAtLT4KPGRpdiBpZD0iaW1hZ2VWaWV3ZXIiIGNsYXNzPSJpbWFnZVZpZXdlciI+CiAgICA8c3BhbiBjbGFzcz0iaW1hZ2VWaWV3ZXItY2xvc2UiIG9uY2xpY2s9ImNsb3NlSW1hZ2VWaWV3ZXIoKSI+w5c8L3NwYW4+CiAgICA8ZGl2IGNsYXNzPSJpbWFnZVZpZXdlci1jb250ZW50Ij4KICAgICAgICA8aW1nIGlkPSJpbWFnZVZpZXdlci1pbWciIHNyYz0iIj4KICAgIDwvZGl2PgogICAgPGEgY2xhc3M9ImltYWdlVmlld2VyLXByZXYiIG9uY2xpY2s9ImNoYW5nZUltYWdlKC0xKSI+4p2uPC9hPiA8IS0tIEZsZWNoYSBpenF1aWVyZGEgLS0+CiAgICA8YSBjbGFzcz0iaW1hZ2VWaWV3ZXItbmV4dCIgb25jbGljaz0iY2hhbmdlSW1hZ2UoMSkiPuKdrzwvYT4gPCEtLSBGbGVjaGEgZGVyZWNoYSAtLT4KPC9kaXY+Cg==[\/vc_raw_html][tm_spacer size=\u00bblg:50&#8243;][\/vc_column][vc_column width=\u00bb1\/2&#8243;][tm_heading tag=\u00bbh2&#8243; custom_google_font=\u00bb\u00bb align=\u00bbcenter\u00bb text=\u00bbBlefaroplastia Inferior\u00bb max_width=\u00bb770px\u00bb font_size=\u00bbxs:24;lg:36&#8243;][tm_spacer size=\u00bblg:15&#8243;][vc_column_text css=\u00bb\u00bb]<span style=\"font-weight: 400;\">3 meses despu\u00e9s de una Blefaroplastia Inferior. <\/span>[\/vc_column_text][tm_spacer size=\u00bblg:15&#8243;][vc_raw_html css=\u00bb\u00bb]PGRpdiBjbGFzcz0iY29udGFpbmVyMSI+IAogICAgPGRpdiBjbGFzcz0iY29sdW1uMSI+CiAgICAgICAgPGltZyBzcmM9Imh0dHBzOi8vd3d3Lm1lbmRvemFwbGFzdGljc3VyZ2VyeS5jb20vd3AtY29udGVudC91cGxvYWRzLzIwMjUvMDQvMS4tQW50ZXMtRC4tQW5nZWwtMS5qcGciPgogICAgPC9kaXY+CiAgICA8ZGl2IGNsYXNzPSJjb2x1bW4xIj4KICAgICAgICA8aW1nIHNyYz0iaHR0cHM6Ly93d3cubWVuZG96YXBsYXN0aWNzdXJnZXJ5LmNvbS93cC1jb250ZW50L3VwbG9hZHMvMjAyNS8wNC8xLi1EZXNwdWVzLUQuLUFuZ2VsLTEuanBnIj4KICAgIDwvZGl2Pgo8L2Rpdj4KCjwhLS0gSW1hZ2UgVmlld2VyIC0tPgo8ZGl2IGlkPSJpbWFnZVZpZXdlciIgY2xhc3M9ImltYWdlVmlld2VyIj4KICAgIDxzcGFuIGNsYXNzPSJpbWFnZVZpZXdlci1jbG9zZSIgb25jbGljaz0iY2xvc2VJbWFnZVZpZXdlcigpIj7Dlzwvc3Bhbj4KICAgIDxkaXYgY2xhc3M9ImltYWdlVmlld2VyLWNvbnRlbnQiPgogICAgICAgIDxpbWcgaWQ9ImltYWdlVmlld2VyLWltZyIgc3JjPSIiPgogICAgPC9kaXY+CiAgICA8YSBjbGFzcz0iaW1hZ2VWaWV3ZXItcHJldiIgb25jbGljaz0iY2hhbmdlSW1hZ2UoLTEpIj7ina48L2E+IDwhLS0gRmxlY2hhIGl6cXVpZXJkYSAtLT4KICAgIDxhIGNsYXNzPSJpbWFnZVZpZXdlci1uZXh0IiBvbmNsaWNrPSJjaGFuZ2VJbWFnZSgxKSI+4p2vPC9hPiA8IS0tIEZsZWNoYSBkZXJlY2hhIC0tPgo8L2Rpdj4K[\/vc_raw_html][tm_spacer size=\u00bblg:50&#8243;][\/vc_column][\/vc_row][vc_row el_class=\u00bbbefore-after-es\u00bb][vc_column width=\u00bb1\/2&#8243;][tm_heading tag=\u00bbh2&#8243; custom_google_font=\u00bb\u00bb align=\u00bbcenter\u00bb text=\u00bbBlefaroplastia Superior e Inferior\u00bb max_width=\u00bb770px\u00bb font_size=\u00bbxs:24;lg:36&#8243;][tm_spacer size=\u00bblg:15&#8243;][vc_column_text css=\u00bb\u00bb]<span style=\"font-weight: 400;\">3 meses despu\u00e9s de una Blefaroplastia Superior e Inferior. Ahora cuenta con una apariencia mucho m\u00e1s juvenil en sus p\u00e1rpados. <\/span>[\/vc_column_text][tm_spacer size=\u00bblg:15&#8243;][vc_masonry_media_grid element_width=\u00bb6&#8243; css=\u00bb\u00bb grid_id=\u00bbvc_gid:1745610678872-4c3e737c-c812-2&#8243; include=\u00bb10866,10860,10862,10864&#8243;][tm_spacer size=\u00bblg:50&#8243;][\/vc_column][vc_column width=\u00bb1\/2&#8243;][tm_heading tag=\u00bbh2&#8243; custom_google_font=\u00bb\u00bb align=\u00bbcenter\u00bb text=\u00bbBlefaroplastia Superior e Inferior\u00bb max_width=\u00bb770px\u00bb font_size=\u00bbxs:24;lg:36&#8243;][tm_spacer size=\u00bblg:15&#8243;][vc_column_text css=\u00bb\u00bb]<span style=\"font-weight: 400;\">3 meses despu\u00e9s de una Blefaroplastia Superior e Inferior. Las cicatrices seguir\u00e1n sanando con el tiempo. <\/span>[\/vc_column_text][tm_spacer size=\u00bblg:15&#8243;][vc_masonry_media_grid element_width=\u00bb6&#8243; css=\u00bb\u00bb grid_id=\u00bbvc_gid:1745610678872-3ec3abe1-70ca-10&#8243; include=\u00bb10868,10870&#8243;][tm_spacer size=\u00bblg:50&#8243;][\/vc_column][\/vc_row][vc_row el_class=\u00bbbefore-after-movil\u00bb][vc_column width=\u00bb1\/2&#8243;][tm_heading tag=\u00bbh2&#8243; custom_google_font=\u00bb\u00bb align=\u00bbcenter\u00bb text=\u00bbBlefaroplastia Superior e Inferior\u00bb max_width=\u00bb770px\u00bb font_size=\u00bbxs:24;lg:36&#8243;][tm_spacer size=\u00bblg:15&#8243;][vc_column_text css=\u00bb\u00bb]<span style=\"font-weight: 400;\">3 meses despu\u00e9s de una Blefaroplastia Superior e Inferior. Ahora cuenta con una apariencia mucho m\u00e1s juvenil en sus p\u00e1rpados. <\/span>[\/vc_column_text][tm_spacer size=\u00bblg:15&#8243;][vc_raw_html css=\u00bb\u00bb]PGRpdiBjbGFzcz0iY29udGFpbmVyMSI+IAogICAgPGRpdiBjbGFzcz0iY29sdW1uMSI+CiAgICAgICAgPGltZyBzcmM9Imh0dHBzOi8vd3d3Lm1lbmRvemFwbGFzdGljc3VyZ2VyeS5jb20vd3AtY29udGVudC91cGxvYWRzLzIwMjUvMDQvMS4tQW50ZXMtRS4tUGFtcGxvbmEucG5nIj4KICAgICAgICA8aW1nIHNyYz0iaHR0cHM6Ly93d3cubWVuZG96YXBsYXN0aWNzdXJnZXJ5LmNvbS93cC1jb250ZW50L3VwbG9hZHMvMjAyNS8wNC8yLi1BbnRlcy1FLi1QYW1wbG9uYS5wbmciPgogICAgPC9kaXY+CiAgICA8ZGl2IGNsYXNzPSJjb2x1bW4xIj4KICAgICAgICA8aW1nIHNyYz0iaHR0cHM6Ly93d3cubWVuZG96YXBsYXN0aWNzdXJnZXJ5LmNvbS93cC1jb250ZW50L3VwbG9hZHMvMjAyNS8wNC8xLi1EZXNwdWVzLUUuLVBhbXBsb25hLnBuZyI+CiAgICAgICAgPGltZyBzcmM9Imh0dHBzOi8vd3d3Lm1lbmRvemFwbGFzdGljc3VyZ2VyeS5jb20vd3AtY29udGVudC91cGxvYWRzLzIwMjUvMDQvMi4tRGVzcHVlcy1FLi1QYW1wbG9uYS5wbmciPgogICAgPC9kaXY+CjwvZGl2PgoKPCEtLSBJbWFnZSBWaWV3ZXIgLS0+CjxkaXYgaWQ9ImltYWdlVmlld2VyIiBjbGFzcz0iaW1hZ2VWaWV3ZXIiPgogICAgPHNwYW4gY2xhc3M9ImltYWdlVmlld2VyLWNsb3NlIiBvbmNsaWNrPSJjbG9zZUltYWdlVmlld2VyKCkiPsOXPC9zcGFuPgogICAgPGRpdiBjbGFzcz0iaW1hZ2VWaWV3ZXItY29udGVudCI+CiAgICAgICAgPGltZyBpZD0iaW1hZ2VWaWV3ZXItaW1nIiBzcmM9IiI+CiAgICA8L2Rpdj4KICAgIDxhIGNsYXNzPSJpbWFnZVZpZXdlci1wcmV2IiBvbmNsaWNrPSJjaGFuZ2VJbWFnZSgtMSkiPuKdrjwvYT4gPCEtLSBGbGVjaGEgaXpxdWllcmRhIC0tPgogICAgPGEgY2xhc3M9ImltYWdlVmlld2VyLW5leHQiIG9uY2xpY2s9ImNoYW5nZUltYWdlKDEpIj7ina88L2E+IDwhLS0gRmxlY2hhIGRlcmVjaGEgLS0+CjwvZGl2Pgo=[\/vc_raw_html][tm_spacer size=\u00bblg:50&#8243;][\/vc_column][vc_column width=\u00bb1\/2&#8243;][tm_heading tag=\u00bbh2&#8243; custom_google_font=\u00bb\u00bb align=\u00bbcenter\u00bb text=\u00bbBlefaroplastia Superior e Inferior\u00bb max_width=\u00bb770px\u00bb font_size=\u00bbxs:24;lg:36&#8243;][tm_spacer size=\u00bblg:15&#8243;][vc_column_text css=\u00bb\u00bb]<span style=\"font-weight: 400;\">3 meses despu\u00e9s de una Blefaroplastia Superior e Inferior. Las cicatrices seguir\u00e1n sanando con el tiempo. <\/span>[\/vc_column_text][tm_spacer size=\u00bblg:15&#8243;][vc_raw_html css=\u00bb\u00bb]PGRpdiBjbGFzcz0iY29udGFpbmVyMSI+IAogICAgPGRpdiBjbGFzcz0iY29sdW1uMSI+CiAgICAgICAgPGltZyBzcmM9Imh0dHBzOi8vd3d3Lm1lbmRvemFwbGFzdGljc3VyZ2VyeS5jb20vd3AtY29udGVudC91cGxvYWRzLzIwMjUvMDQvMS4tQW50ZXMtSi4tRkxPUkVaLmpwZyI+CiAgICA8L2Rpdj4KICAgIDxkaXYgY2xhc3M9ImNvbHVtbjEiPgogICAgICAgIDxpbWcgc3JjPSJodHRwczovL3d3dy5tZW5kb3phcGxhc3RpY3N1cmdlcnkuY29tL3dwLWNvbnRlbnQvdXBsb2Fkcy8yMDI1LzA0LzIuLURlc3B1ZXMtSi4tRkxPUkVaLmpwZyI+CiAgICA8L2Rpdj4KPC9kaXY+Cgo8IS0tIEltYWdlIFZpZXdlciAtLT4KPGRpdiBpZD0iaW1hZ2VWaWV3ZXIiIGNsYXNzPSJpbWFnZVZpZXdlciI+CiAgICA8c3BhbiBjbGFzcz0iaW1hZ2VWaWV3ZXItY2xvc2UiIG9uY2xpY2s9ImNsb3NlSW1hZ2VWaWV3ZXIoKSI+w5c8L3NwYW4+CiAgICA8ZGl2IGNsYXNzPSJpbWFnZVZpZXdlci1jb250ZW50Ij4KICAgICAgICA8aW1nIGlkPSJpbWFnZVZpZXdlci1pbWciIHNyYz0iIj4KICAgIDwvZGl2PgogICAgPGEgY2xhc3M9ImltYWdlVmlld2VyLXByZXYiIG9uY2xpY2s9ImNoYW5nZUltYWdlKC0xKSI+4p2uPC9hPiA8IS0tIEZsZWNoYSBpenF1aWVyZGEgLS0+CiAgICA8YSBjbGFzcz0iaW1hZ2VWaWV3ZXItbmV4dCIgb25jbGljaz0iY2hhbmdlSW1hZ2UoMSkiPuKdrzwvYT4gPCEtLSBGbGVjaGEgZGVyZWNoYSAtLT4KPC9kaXY+Cg==[\/vc_raw_html][tm_spacer size=\u00bblg:50&#8243;][\/vc_column][\/vc_row]<\/p>\n<\/div>","protected":false},"excerpt":{"rendered":"<p>[vc_row el_class=\u00bbbefore-after-es\u00bb][vc_column width=\u00bb1\/2&#8243;][tm_heading tag=\u00bbh2&#8243; custom_google_font=\u00bb\u00bb align=\u00bbcenter\u00bb text=\u00bbBlefaroplastia Superior\u00bb max_width=\u00bb770px\u00bb font_size=\u00bbxs:24;lg:36&#8243;][tm_spacer size=\u00bblg:15&#8243;][vc_column_text css=\u00bb\u00bb]3 semanas despu\u00e9s de una Blefaroplastia Superior. La cicatriz seguir\u00e1 mejorando con el tiempo.[\/vc_column_text][tm_spacer size=\u00bblg:15&#8243;][vc_masonry_media_grid element_width=\u00bb6&#8243; css=\u00bb\u00bb grid_id=\u00bbvc_gid:1745610678869-b89bbba0-9de5-3&#8243; include=\u00bb10829,10831&#8243;][tm_spacer size=\u00bblg:50&#8243;][\/vc_column][vc_column width=\u00bb1\/2&#8243;][tm_heading tag=\u00bbh2&#8243; custom_google_font=\u00bb\u00bb align=\u00bbcenter\u00bb text=\u00bbBlefaroplastia Inferior\u00bb max_width=\u00bb770px\u00bb font_size=\u00bbxs:24;lg:36&#8243;][tm_spacer size=\u00bblg:15&#8243;][vc_column_text css=\u00bb\u00bb]3 meses despu\u00e9s de una Blefaroplastia Inferior. [\/vc_column_text][tm_spacer size=\u00bbxs:15;lg:43&#8243;][vc_masonry_media_grid element_width=\u00bb6&#8243; css=\u00bb\u00bb grid_id=\u00bbvc_gid:1745610678870-1f2ade15-342d-0&#8243; include=\u00bb10847,10849&#8243;][tm_spacer size=\u00bblg:50&#8243;][\/vc_column][\/vc_row][vc_row el_class=\u00bbbefore-after-movil\u00bb][vc_column width=\u00bb1\/2&#8243;][tm_heading tag=\u00bbh2&#8243; custom_google_font=\u00bb\u00bb align=\u00bbcenter\u00bb text=\u00bbBlefaroplastia Superior\u00bb max_width=\u00bb770px\u00bb font_size=\u00bbxs:24;lg:36&#8243;][tm_spacer size=\u00bblg:15&#8243;][vc_column_text css=\u00bb\u00bb]3 semanas despu\u00e9s de una Blefaroplastia Superior. La cicatriz seguir\u00e1 mejorando con el tiempo.[\/vc_column_text][tm_spacer size=\u00bblg:15&#8243;][vc_raw_html css=\u00bb\u00bb]PGRpdiBjbGFzcz0iY29udGFpbmVyMSI+IAogICAgPGRpdiBjbGFzcz0iY29sdW1uMSI+CiAgICAgICAgPGltZyBzcmM9Imh0dHBzOi8vd3d3Lm1lbmRvemFwbGFzdGljc3VyZ2VyeS5jb20vd3AtY29udGVudC91cGxvYWRzLzIwMjUvMDQvMS4tQW50ZXMtQS4tSGVybmFuZGV6LmpwZyI+CiAgICA8L2Rpdj4KICAgIDxkaXYgY2xhc3M9ImNvbHVtbjEiPgogICAgICAgIDxpbWcgc3JjPSJodHRwczovL3d3dy5tZW5kb3phcGxhc3RpY3N1cmdlcnkuY29tL3dwLWNvbnRlbnQvdXBsb2Fkcy8yMDI1LzA0LzEuLURlc3B1ZXMtQS4tSGVybmFuZGV6LmpwZyI+CiAgICA8L2Rpdj4KPC9kaXY+Cgo8IS0tIEltYWdlIFZpZXdlciAtLT4KPGRpdiBpZD0iaW1hZ2VWaWV3ZXIiIGNsYXNzPSJpbWFnZVZpZXdlciI+CiAgICA8c3BhbiBjbGFzcz0iaW1hZ2VWaWV3ZXItY2xvc2UiIG9uY2xpY2s9ImNsb3NlSW1hZ2VWaWV3ZXIoKSI+w5c8L3NwYW4+CiAgICA8ZGl2IGNsYXNzPSJpbWFnZVZpZXdlci1jb250ZW50Ij4KICAgICAgICA8aW1nIGlkPSJpbWFnZVZpZXdlci1pbWciIHNyYz0iIj4KICAgIDwvZGl2PgogICAgPGEgY2xhc3M9ImltYWdlVmlld2VyLXByZXYiIG9uY2xpY2s9ImNoYW5nZUltYWdlKC0xKSI+4p2uPC9hPiA8IS0tIEZsZWNoYSBpenF1aWVyZGEgLS0+CiAgICA8YSBjbGFzcz0iaW1hZ2VWaWV3ZXItbmV4dCIgb25jbGljaz0iY2hhbmdlSW1hZ2UoMSkiPuKdrzwvYT4gPCEtLSBGbGVjaGEgZGVyZWNoYSAtLT4KPC9kaXY+Cg==[\/vc_raw_html][tm_spacer size=\u00bblg:50&#8243;][\/vc_column][vc_column width=\u00bb1\/2&#8243;][tm_heading tag=\u00bbh2&#8243; custom_google_font=\u00bb\u00bb align=\u00bbcenter\u00bb text=\u00bbBlefaroplastia Inferior\u00bb max_width=\u00bb770px\u00bb font_size=\u00bbxs:24;lg:36&#8243;][tm_spacer size=\u00bblg:15&#8243;][vc_column_text css=\u00bb\u00bb]3 meses despu\u00e9s de una Blefaroplastia Inferior. [\/vc_column_text][tm_spacer size=\u00bblg:15&#8243;][vc_raw_html css=\u00bb\u00bb]PGRpdiBjbGFzcz0iY29udGFpbmVyMSI+IAogICAgPGRpdiBjbGFzcz0iY29sdW1uMSI+CiAgICAgICAgPGltZyBzcmM9Imh0dHBzOi8vd3d3Lm1lbmRvemFwbGFzdGljc3VyZ2VyeS5jb20vd3AtY29udGVudC91cGxvYWRzLzIwMjUvMDQvMS4tQW50ZXMtRC4tQW5nZWwtMS5qcGciPgogICAgPC9kaXY+CiAgICA8ZGl2IGNsYXNzPSJjb2x1bW4xIj4KICAgICAgICA8aW1nIHNyYz0iaHR0cHM6Ly93d3cubWVuZG96YXBsYXN0aWNzdXJnZXJ5LmNvbS93cC1jb250ZW50L3VwbG9hZHMvMjAyNS8wNC8xLi1EZXNwdWVzLUQuLUFuZ2VsLTEuanBnIj4KICAgIDwvZGl2Pgo8L2Rpdj4KCjwhLS0gSW1hZ2UgVmlld2VyIC0tPgo8ZGl2IGlkPSJpbWFnZVZpZXdlciIgY2xhc3M9ImltYWdlVmlld2VyIj4KICAgIDxzcGFuIGNsYXNzPSJpbWFnZVZpZXdlci1jbG9zZSIgb25jbGljaz0iY2xvc2VJbWFnZVZpZXdlcigpIj7Dlzwvc3Bhbj4KICAgIDxkaXYgY2xhc3M9ImltYWdlVmlld2VyLWNvbnRlbnQiPgogICAgICAgIDxpbWcgaWQ9ImltYWdlVmlld2VyLWltZyIgc3JjPSIiPgogICAgPC9kaXY+CiAgICA8YSBjbGFzcz0iaW1hZ2VWaWV3ZXItcHJldiIgb25jbGljaz0iY2hhbmdlSW1hZ2UoLTEpIj7ina48L2E+IDwhLS0gRmxlY2hhIGl6cXVpZXJkYSAtLT4KICAgIDxhIGNsYXNzPSJpbWFnZVZpZXdlci1uZXh0IiBvbmNsaWNrPSJjaGFuZ2VJbWFnZSgxKSI+4p2vPC9hPiA8IS0tIEZsZWNoYSBkZXJlY2hhIC0tPgo8L2Rpdj4K[\/vc_raw_html][tm_spacer size=\u00bblg:50&#8243;][\/vc_column][\/vc_row][vc_row el_class=\u00bbbefore-after-es\u00bb][vc_column width=\u00bb1\/2&#8243;][tm_heading tag=\u00bbh2&#8243; custom_google_font=\u00bb\u00bb align=\u00bbcenter\u00bb text=\u00bbBlefaroplastia Superior e Inferior\u00bb max_width=\u00bb770px\u00bb font_size=\u00bbxs:24;lg:36&#8243;][tm_spacer size=\u00bblg:15&#8243;][vc_column_text css=\u00bb\u00bb]3 meses despu\u00e9s de una Blefaroplastia Superior e Inferior. Ahora cuenta con una apariencia mucho m\u00e1s juvenil en sus p\u00e1rpados. [\/vc_column_text][tm_spacer size=\u00bblg:15&#8243;][vc_masonry_media_grid element_width=\u00bb6&#8243; css=\u00bb\u00bb grid_id=\u00bbvc_gid:1745610678872-4c3e737c-c812-2&#8243; include=\u00bb10866,10860,10862,10864&#8243;][tm_spacer size=\u00bblg:50&#8243;][\/vc_column][vc_column width=\u00bb1\/2&#8243;][tm_heading tag=\u00bbh2&#8243; custom_google_font=\u00bb\u00bb align=\u00bbcenter\u00bb text=\u00bbBlefaroplastia Superior e Inferior\u00bb max_width=\u00bb770px\u00bb font_size=\u00bbxs:24;lg:36&#8243;][tm_spacer size=\u00bblg:15&#8243;][vc_column_text css=\u00bb\u00bb]3 meses despu\u00e9s de una Blefaroplastia Superior e Inferior. Las cicatrices seguir\u00e1n sanando con el tiempo. [\/vc_column_text][tm_spacer size=\u00bblg:15&#8243;][vc_masonry_media_grid element_width=\u00bb6&#8243; css=\u00bb\u00bb grid_id=\u00bbvc_gid:1745610678872-3ec3abe1-70ca-10&#8243; include=\u00bb10868,10870&#8243;][tm_spacer size=\u00bblg:50&#8243;][\/vc_column][\/vc_row][vc_row el_class=\u00bbbefore-after-movil\u00bb][vc_column width=\u00bb1\/2&#8243;][tm_heading tag=\u00bbh2&#8243; custom_google_font=\u00bb\u00bb align=\u00bbcenter\u00bb text=\u00bbBlefaroplastia Superior e Inferior\u00bb max_width=\u00bb770px\u00bb font_size=\u00bbxs:24;lg:36&#8243;][tm_spacer size=\u00bblg:15&#8243;][vc_column_text css=\u00bb\u00bb]3 meses despu\u00e9s de una Blefaroplastia Superior e Inferior. Ahora cuenta con una apariencia mucho m\u00e1s juvenil en sus p\u00e1rpados. [\/vc_column_text][tm_spacer size=\u00bblg:15&#8243;][vc_raw_html css=\u00bb\u00bb]PGRpdiBjbGFzcz0iY29udGFpbmVyMSI+IAogICAgPGRpdiBjbGFzcz0iY29sdW1uMSI+CiAgICAgICAgPGltZyBzcmM9Imh0dHBzOi8vd3d3Lm1lbmRvemFwbGFzdGljc3VyZ2VyeS5jb20vd3AtY29udGVudC91cGxvYWRzLzIwMjUvMDQvMS4tQW50ZXMtRS4tUGFtcGxvbmEucG5nIj4KICAgICAgICA8aW1nIHNyYz0iaHR0cHM6Ly93d3cubWVuZG96YXBsYXN0aWNzdXJnZXJ5LmNvbS93cC1jb250ZW50L3VwbG9hZHMvMjAyNS8wNC8yLi1BbnRlcy1FLi1QYW1wbG9uYS5wbmciPgogICAgPC9kaXY+CiAgICA8ZGl2IGNsYXNzPSJjb2x1bW4xIj4KICAgICAgICA8aW1nIHNyYz0iaHR0cHM6Ly93d3cubWVuZG96YXBsYXN0aWNzdXJnZXJ5LmNvbS93cC1jb250ZW50L3VwbG9hZHMvMjAyNS8wNC8xLi1EZXNwdWVzLUUuLVBhbXBsb25hLnBuZyI+CiAgICAgICAgPGltZyBzcmM9Imh0dHBzOi8vd3d3Lm1lbmRvemFwbGFzdGljc3VyZ2VyeS5jb20vd3AtY29udGVudC91cGxvYWRzLzIwMjUvMDQvMi4tRGVzcHVlcy1FLi1QYW1wbG9uYS5wbmciPgogICAgPC9kaXY+CjwvZGl2PgoKPCEtLSBJbWFnZSBWaWV3ZXIgLS0+CjxkaXYgaWQ9ImltYWdlVmlld2VyIiBjbGFzcz0iaW1hZ2VWaWV3ZXIiPgogICAgPHNwYW4gY2xhc3M9ImltYWdlVmlld2VyLWNsb3NlIiBvbmNsaWNrPSJjbG9zZUltYWdlVmlld2VyKCkiPsOXPC9zcGFuPgogICAgPGRpdiBjbGFzcz0iaW1hZ2VWaWV3ZXItY29udGVudCI+CiAgICAgICAgPGltZyBpZD0iaW1hZ2VWaWV3ZXItaW1nIiBzcmM9IiI+CiAgICA8L2Rpdj4KICAgIDxhIGNsYXNzPSJpbWFnZVZpZXdlci1wcmV2IiBvbmNsaWNrPSJjaGFuZ2VJbWFnZSgtMSkiPuKdrjwvYT4gPCEtLSBGbGVjaGEgaXpxdWllcmRhIC0tPgogICAgPGEgY2xhc3M9ImltYWdlVmlld2VyLW5leHQiIG9uY2xpY2s9ImNoYW5nZUltYWdlKDEpIj7ina88L2E+IDwhLS0gRmxlY2hhIGRlcmVjaGEgLS0+CjwvZGl2Pgo=[\/vc_raw_html][tm_spacer size=\u00bblg:50&#8243;][\/vc_column][vc_column width=\u00bb1\/2&#8243;][tm_heading tag=\u00bbh2&#8243; custom_google_font=\u00bb\u00bb align=\u00bbcenter\u00bb text=\u00bbBlefaroplastia Superior e Inferior\u00bb max_width=\u00bb770px\u00bb font_size=\u00bbxs:24;lg:36&#8243;][tm_spacer size=\u00bblg:15&#8243;][vc_column_text css=\u00bb\u00bb]3 meses despu\u00e9s de una Blefaroplastia Superior e Inferior. Las cicatrices seguir\u00e1n sanando con el tiempo. [\/vc_column_text][tm_spacer size=\u00bblg:15&#8243;][vc_raw_html css=\u00bb\u00bb]PGRpdiBjbGFzcz0iY29udGFpbmVyMSI+IAogICAgPGRpdiBjbGFzcz0iY29sdW1uMSI+CiAgICAgICAgPGltZyBzcmM9Imh0dHBzOi8vd3d3Lm1lbmRvemFwbGFzdGljc3VyZ2VyeS5jb20vd3AtY29udGVudC91cGxvYWRzLzIwMjUvMDQvMS4tQW50ZXMtSi4tRkxPUkVaLmpwZyI+CiAgICA8L2Rpdj4KICAgIDxkaXYgY2xhc3M9ImNvbHVtbjEiPgogICAgICAgIDxpbWcgc3JjPSJodHRwczovL3d3dy5tZW5kb3phcGxhc3RpY3N1cmdlcnkuY29tL3dwLWNvbnRlbnQvdXBsb2Fkcy8yMDI1LzA0LzIuLURlc3B1ZXMtSi4tRkxPUkVaLmpwZyI+CiAgICA8L2Rpdj4KPC9kaXY+Cgo8IS0tIEltYWdlIFZpZXdlciAtLT4KPGRpdiBpZD0iaW1hZ2VWaWV3ZXIiIGNsYXNzPSJpbWFnZVZpZXdlciI+CiAgICA8c3BhbiBjbGFzcz0iaW1hZ2VWaWV3ZXItY2xvc2UiIG9uY2xpY2s9ImNsb3NlSW1hZ2VWaWV3ZXIoKSI+w5c8L3NwYW4+CiAgICA8ZGl2IGNsYXNzPSJpbWFnZVZpZXdlci1jb250ZW50Ij4KICAgICAgICA8aW1nIGlkPSJpbWFnZVZpZXdlci1pbWciIHNyYz0iIj4KICAgIDwvZGl2PgogICAgPGEgY2xhc3M9ImltYWdlVmlld2VyLXByZXYiIG9uY2xpY2s9ImNoYW5nZUltYWdlKC0xKSI+4p2uPC9hPiA8IS0tIEZsZWNoYSBpenF1aWVyZGEgLS0+CiAgICA8YSBjbGFzcz0iaW1hZ2VWaWV3ZXItbmV4dCIgb25jbGljaz0iY2hhbmdlSW1hZ2UoMSkiPuKdrzwvYT4gPCEtLSBGbGVjaGEgZGVyZWNoYSAtLT4KPC9kaXY+Cg==[\/vc_raw_html][tm_spacer size=\u00bblg:50&#8243;][\/vc_column][\/vc_row]<\/p>\n","protected":false},"author":1,"featured_media":0,"parent":0,"menu_order":0,"comment_status":"closed","ping_status":"closed","template":"","meta":{"footnotes":""},"class_list":["post-10839","page","type-page","status-publish","hentry"],"aioseo_notices":[],"_links":{"self":[{"href":"https:\/\/www.mendozaplasticsurgery.com\/es\/wp-json\/wp\/v2\/pages\/10839","targetHints":{"allow":["GET"]}}],"collection":[{"href":"https:\/\/www.mendozaplasticsurgery.com\/es\/wp-json\/wp\/v2\/pages"}],"about":[{"href":"https:\/\/www.mendozaplasticsurgery.com\/es\/wp-json\/wp\/v2\/types\/page"}],"author":[{"embeddable":true,"href":"https:\/\/www.mendozaplasticsurgery.com\/es\/wp-json\/wp\/v2\/users\/1"}],"replies":[{"embeddable":true,"href":"https:\/\/www.mendozaplasticsurgery.com\/es\/wp-json\/wp\/v2\/comments?post=10839"}],"version-history":[{"count":0,"href":"https:\/\/www.mendozaplasticsurgery.com\/es\/wp-json\/wp\/v2\/pages\/10839\/revisions"}],"wp:attachment":[{"href":"https:\/\/www.mendozaplasticsurgery.com\/es\/wp-json\/wp\/v2\/media?parent=10839"}],"curies":[{"name":"wp","href":"https:\/\/api.w.org\/{rel}","templated":true}]}}