{"id":10815,"date":"2025-04-21T15:35:33","date_gmt":"2025-04-21T19:35:33","guid":{"rendered":"https:\/\/www.mendozaplasticsurgery.com\/liposuccion\/"},"modified":"2025-04-25T15:22:23","modified_gmt":"2025-04-25T19:22:23","slug":"liposuccion","status":"publish","type":"page","link":"https:\/\/www.mendozaplasticsurgery.com\/es\/liposuccion\/","title":{"rendered":"Liposucci\u00f3n"},"content":{"rendered":"<div class=\"wpb-content-wrapper\"><p>[vc_row el_class=\u00bbbefore-after-es\u00bb][vc_column width=\u00bb1\/2&#8243;][tm_heading tag=\u00bbh2&#8243; custom_google_font=\u00bb\u00bb align=\u00bbcenter\u00bb text=\u00bbLiposucci\u00f3n\u00bb max_width=\u00bb770px\u00bb font_size=\u00bbxs:24;lg:36&#8243;][tm_spacer size=\u00bblg:15&#8243;][vc_column_text css=\u00bb\u00bb]<span style=\"font-weight: 400;\">3 meses despu\u00e9s de una Liposucci\u00f3n 360, con Transferencia de Grasa a los Gl\u00fateos y una Abdominoplastia.<\/span>[\/vc_column_text][tm_spacer size=\u00bblg:15&#8243;][vc_masonry_media_grid element_width=\u00bb6&#8243; css=\u00bb\u00bb grid_id=\u00bbvc_gid:1745608863151-2c41537e-3e3f-6&#8243; include=\u00bb10766,10768,10770,10772&#8243;][tm_spacer size=\u00bblg:50&#8243;][\/vc_column][vc_column width=\u00bb1\/2&#8243;][tm_heading tag=\u00bbh2&#8243; custom_google_font=\u00bb\u00bb align=\u00bbcenter\u00bb text=\u00bbLiposucci\u00f3n\u00bb max_width=\u00bb770px\u00bb font_size=\u00bbxs:24;lg:36&#8243;][tm_spacer size=\u00bblg:15&#8243;][vc_column_text css=\u00bb\u00bb]<span style=\"font-weight: 400;\">3 meses despu\u00e9s de una Liposucci\u00f3n de abdomen, espalda y Transferencia de Grasa a los Gl\u00fateos.<\/span>[\/vc_column_text][tm_spacer size=\u00bblg:15&#8243;][vc_masonry_media_grid element_width=\u00bb6&#8243; css=\u00bb\u00bb grid_id=\u00bbvc_gid:1745608863152-e1e54aa2-4e4f-10&#8243; include=\u00bb10777,10779,10781,10783&#8243;][tm_spacer size=\u00bblg:50&#8243;][\/vc_column][\/vc_row][vc_row el_class=\u00bbbefore-after-movil\u00bb][vc_column width=\u00bb1\/2&#8243;][tm_heading tag=\u00bbh2&#8243; custom_google_font=\u00bb\u00bb align=\u00bbcenter\u00bb text=\u00bbLiposucci\u00f3n\u00bb max_width=\u00bb770px\u00bb font_size=\u00bbxs:24;lg:36&#8243;][tm_spacer size=\u00bblg:15&#8243;][vc_column_text css=\u00bb\u00bb]<span style=\"font-weight: 400;\">3 meses despu\u00e9s de una Liposucci\u00f3n 360, con Transferencia de Grasa a los Gl\u00fateos y una Abdominoplastia.<\/span>[\/vc_column_text][tm_spacer size=\u00bblg:15&#8243;][vc_raw_html css=\u00bb\u00bb]PGRpdiBjbGFzcz0iY29udGFpbmVyMSI+IAogICAgPGRpdiBjbGFzcz0iY29sdW1uMSI+CiAgICAgICAgPGltZyBzcmM9Imh0dHBzOi8vd3d3Lm1lbmRvemFwbGFzdGljc3VyZ2VyeS5jb20vd3AtY29udGVudC91cGxvYWRzLzIwMjUvMDQvMS4tQW50ZXMtRC1SaXZlcmEuanBnIj4KICAgICAgICA8aW1nIHNyYz0iaHR0cHM6Ly93d3cubWVuZG96YXBsYXN0aWNzdXJnZXJ5LmNvbS93cC1jb250ZW50L3VwbG9hZHMvMjAyNS8wNC8yLi1BbnRlcy1ELVJpdmVyYS5qcGciPgogICAgPC9kaXY+CiAgICA8ZGl2IGNsYXNzPSJjb2x1bW4xIj4KICAgICAgICA8aW1nIHNyYz0iaHR0cHM6Ly93d3cubWVuZG96YXBsYXN0aWNzdXJnZXJ5LmNvbS93cC1jb250ZW50L3VwbG9hZHMvMjAyNS8wNC8xLi1EZXNwdWVzLUQtUml2ZXJhLmpwZyI+CiAgICAgICAgPGltZyBzcmM9Imh0dHBzOi8vd3d3Lm1lbmRvemFwbGFzdGljc3VyZ2VyeS5jb20vd3AtY29udGVudC91cGxvYWRzLzIwMjUvMDQvMi4tRGVzcHVlcy1ELVJpdmVyYS5qcGciPgogICAgPC9kaXY+CjwvZGl2PgoKPCEtLSBJbWFnZSBWaWV3ZXIgLS0+CjxkaXYgaWQ9ImltYWdlVmlld2VyIiBjbGFzcz0iaW1hZ2VWaWV3ZXIiPgogICAgPHNwYW4gY2xhc3M9ImltYWdlVmlld2VyLWNsb3NlIiBvbmNsaWNrPSJjbG9zZUltYWdlVmlld2VyKCkiPsOXPC9zcGFuPgogICAgPGRpdiBjbGFzcz0iaW1hZ2VWaWV3ZXItY29udGVudCI+CiAgICAgICAgPGltZyBpZD0iaW1hZ2VWaWV3ZXItaW1nIiBzcmM9IiI+CiAgICA8L2Rpdj4KICAgIDxhIGNsYXNzPSJpbWFnZVZpZXdlci1wcmV2IiBvbmNsaWNrPSJjaGFuZ2VJbWFnZSgtMSkiPuKdrjwvYT4gPCEtLSBGbGVjaGEgaXpxdWllcmRhIC0tPgogICAgPGEgY2xhc3M9ImltYWdlVmlld2VyLW5leHQiIG9uY2xpY2s9ImNoYW5nZUltYWdlKDEpIj7ina88L2E+IDwhLS0gRmxlY2hhIGRlcmVjaGEgLS0+CjwvZGl2Pgo=[\/vc_raw_html][tm_spacer size=\u00bblg:50&#8243;][\/vc_column][vc_column width=\u00bb1\/2&#8243;][tm_heading tag=\u00bbh2&#8243; custom_google_font=\u00bb\u00bb align=\u00bbcenter\u00bb text=\u00bbLiposucci\u00f3n\u00bb max_width=\u00bb770px\u00bb font_size=\u00bbxs:24;lg:36&#8243;][tm_spacer size=\u00bblg:15&#8243;][vc_column_text css=\u00bb\u00bb]<span style=\"font-weight: 400;\">3 meses despu\u00e9s de una Liposucci\u00f3n de abdomen, espalda y Transferencia de Grasa a los Gl\u00fateos.<\/span>[\/vc_column_text][tm_spacer size=\u00bblg:15&#8243;][vc_raw_html css=\u00bb\u00bb]PGRpdiBjbGFzcz0iY29udGFpbmVyMSI+IAogICAgPGRpdiBjbGFzcz0iY29sdW1uMSI+CiAgICAgICAgPGltZyBzcmM9Imh0dHBzOi8vd3d3Lm1lbmRvemFwbGFzdGljc3VyZ2VyeS5jb20vd3AtY29udGVudC91cGxvYWRzLzIwMjUvMDQvMS4tQW50ZXMtTC4tUElNRU5URUwuanBnIj4KICAgICAgICA8aW1nIHNyYz0iaHR0cHM6Ly93d3cubWVuZG96YXBsYXN0aWNzdXJnZXJ5LmNvbS93cC1jb250ZW50L3VwbG9hZHMvMjAyNS8wNC8yLi1BbnRlcy1MLi1QSU1FTlRFTC5qcGciPgogICAgPC9kaXY+CiAgICA8ZGl2IGNsYXNzPSJjb2x1bW4xIj4KICAgICAgICA8aW1nIHNyYz0iaHR0cHM6Ly93d3cubWVuZG96YXBsYXN0aWNzdXJnZXJ5LmNvbS93cC1jb250ZW50L3VwbG9hZHMvMjAyNS8wNC8xLi1EZXNwdWVzLUwuLVBJTUVOVEVMLmpwZyI+CiAgICAgICAgPGltZyBzcmM9Imh0dHBzOi8vd3d3Lm1lbmRvemFwbGFzdGljc3VyZ2VyeS5jb20vd3AtY29udGVudC91cGxvYWRzLzIwMjUvMDQvMi4tRGVzcHVlcy1MLi1QSU1FTlRFTC5qcGciPgogICAgPC9kaXY+CjwvZGl2PgoKPCEtLSBJbWFnZSBWaWV3ZXIgLS0+CjxkaXYgaWQ9ImltYWdlVmlld2VyIiBjbGFzcz0iaW1hZ2VWaWV3ZXIiPgogICAgPHNwYW4gY2xhc3M9ImltYWdlVmlld2VyLWNsb3NlIiBvbmNsaWNrPSJjbG9zZUltYWdlVmlld2VyKCkiPsOXPC9zcGFuPgogICAgPGRpdiBjbGFzcz0iaW1hZ2VWaWV3ZXItY29udGVudCI+CiAgICAgICAgPGltZyBpZD0iaW1hZ2VWaWV3ZXItaW1nIiBzcmM9IiI+CiAgICA8L2Rpdj4KICAgIDxhIGNsYXNzPSJpbWFnZVZpZXdlci1wcmV2IiBvbmNsaWNrPSJjaGFuZ2VJbWFnZSgtMSkiPuKdrjwvYT4gPCEtLSBGbGVjaGEgaXpxdWllcmRhIC0tPgogICAgPGEgY2xhc3M9ImltYWdlVmlld2VyLW5leHQiIG9uY2xpY2s9ImNoYW5nZUltYWdlKDEpIj7ina88L2E+IDwhLS0gRmxlY2hhIGRlcmVjaGEgLS0+CjwvZGl2Pgo=[\/vc_raw_html][tm_spacer size=\u00bblg:50&#8243;][\/vc_column][\/vc_row][vc_row el_class=\u00bbbefore-after-es\u00bb][vc_column width=\u00bb1\/2&#8243;][tm_heading tag=\u00bbh2&#8243; custom_google_font=\u00bb\u00bb align=\u00bbcenter\u00bb text=\u00bbLiposucci\u00f3n\u00bb max_width=\u00bb770px\u00bb font_size=\u00bbxs:24;lg:36&#8243;][tm_spacer size=\u00bblg:15&#8243;][vc_column_text css=\u00bb\u00bb]<span style=\"font-weight: 400;\">6 meses despu\u00e9s de una Liposucci\u00f3n 360, Transferencia de Grasa a Gl\u00fateos y una revisi\u00f3n de Abdominoplastia. La paciente hab\u00eda tenido una Abdominoplastia anteriormente sin reparaci\u00f3n de pared abdominal, adem\u00e1s, se realiz\u00f3 un Aumento de Senos con implante de silicona y Mastopexia.\u00a0<\/span>[\/vc_column_text][tm_spacer size=\u00bblg:15&#8243;][vc_masonry_media_grid element_width=\u00bb6&#8243; css=\u00bb\u00bb grid_id=\u00bbvc_gid:1745608863153-4c79b685-e775-4&#8243; include=\u00bb10790,10792,10786,10788&#8243;][tm_spacer size=\u00bblg:50&#8243;][\/vc_column][vc_column width=\u00bb1\/2&#8243;][tm_heading tag=\u00bbh2&#8243; custom_google_font=\u00bb\u00bb align=\u00bbcenter\u00bb text=\u00bbLiposucci\u00f3n\u00bb max_width=\u00bb770px\u00bb font_size=\u00bbxs:24;lg:36&#8243;][tm_spacer size=\u00bblg:15&#8243;][vc_column_text css=\u00bb\u00bb]<span style=\"font-weight: 400;\">4 semanas despu\u00e9s de un paciente con una liposucci\u00f3n 360 anterior y Transferencia a Gl\u00fateos. Los senos est\u00e1n en proceso de correcci\u00f3n usando un tama\u00f1o diferente de implante, t\u00e9cnica diferente de un seno a otro, y BreastTite en el seno izquierdo.\u00a0<\/span>[\/vc_column_text][tm_spacer size=\u00bblg:15&#8243;][vc_masonry_media_grid element_width=\u00bb6&#8243; css=\u00bb\u00bb grid_id=\u00bbvc_gid:1745608863154-718d4527-117f-1&#8243; include=\u00bb10800,10794,10796,10798&#8243;][tm_spacer size=\u00bblg:50&#8243;][\/vc_column][\/vc_row][vc_row el_class=\u00bbbefore-after-movil\u00bb][vc_column width=\u00bb1\/2&#8243;][tm_heading tag=\u00bbh2&#8243; custom_google_font=\u00bb\u00bb align=\u00bbcenter\u00bb text=\u00bbLiposucci\u00f3n\u00bb max_width=\u00bb770px\u00bb font_size=\u00bbxs:24;lg:36&#8243;][tm_spacer size=\u00bblg:15&#8243;][vc_column_text css=\u00bb\u00bb]<span style=\"font-weight: 400;\">6 meses despu\u00e9s de una Liposucci\u00f3n 360, Transferencia de Grasa a Gl\u00fateos y una revisi\u00f3n de Abdominoplastia. La paciente hab\u00eda tenido una Abdominoplastia anteriormente sin reparaci\u00f3n de pared abdominal, adem\u00e1s, se realiz\u00f3 un Aumento de Senos con implante de silicona y Mastopexia.\u00a0<\/span>[\/vc_column_text][tm_spacer size=\u00bblg:15&#8243;][vc_raw_html css=\u00bb\u00bb]PGRpdiBjbGFzcz0iY29udGFpbmVyMSI+IAogICAgPGRpdiBjbGFzcz0iY29sdW1uMSI+CiAgICAgICAgPGltZyBzcmM9Imh0dHBzOi8vd3d3Lm1lbmRvemFwbGFzdGljc3VyZ2VyeS5jb20vd3AtY29udGVudC91cGxvYWRzLzIwMjUvMDQvMS4tQW50ZXMtTS4tTU9SRU5PLmpwZyI+CiAgICAgICAgPGltZyBzcmM9Imh0dHBzOi8vd3d3Lm1lbmRvemFwbGFzdGljc3VyZ2VyeS5jb20vd3AtY29udGVudC91cGxvYWRzLzIwMjUvMDQvMi4tQW50ZXMtTS4tTU9SRU5PLmpwZyI+CiAgICA8L2Rpdj4KICAgIDxkaXYgY2xhc3M9ImNvbHVtbjEiPgogICAgICAgIDxpbWcgc3JjPSJodHRwczovL3d3dy5tZW5kb3phcGxhc3RpY3N1cmdlcnkuY29tL3dwLWNvbnRlbnQvdXBsb2Fkcy8yMDI1LzA0LzEuLURlc3B1ZXMtTS4tTU9SRU5PLmpwZyI+CiAgICAgICAgPGltZyBzcmM9Imh0dHBzOi8vd3d3Lm1lbmRvemFwbGFzdGljc3VyZ2VyeS5jb20vd3AtY29udGVudC91cGxvYWRzLzIwMjUvMDQvMi4tRGVzcHVlcy1NLi1NT1JFTk8uanBnIj4KICAgIDwvZGl2Pgo8L2Rpdj4KCjwhLS0gSW1hZ2UgVmlld2VyIC0tPgo8ZGl2IGlkPSJpbWFnZVZpZXdlciIgY2xhc3M9ImltYWdlVmlld2VyIj4KICAgIDxzcGFuIGNsYXNzPSJpbWFnZVZpZXdlci1jbG9zZSIgb25jbGljaz0iY2xvc2VJbWFnZVZpZXdlcigpIj7Dlzwvc3Bhbj4KICAgIDxkaXYgY2xhc3M9ImltYWdlVmlld2VyLWNvbnRlbnQiPgogICAgICAgIDxpbWcgaWQ9ImltYWdlVmlld2VyLWltZyIgc3JjPSIiPgogICAgPC9kaXY+CiAgICA8YSBjbGFzcz0iaW1hZ2VWaWV3ZXItcHJldiIgb25jbGljaz0iY2hhbmdlSW1hZ2UoLTEpIj7ina48L2E+IDwhLS0gRmxlY2hhIGl6cXVpZXJkYSAtLT4KICAgIDxhIGNsYXNzPSJpbWFnZVZpZXdlci1uZXh0IiBvbmNsaWNrPSJjaGFuZ2VJbWFnZSgxKSI+4p2vPC9hPiA8IS0tIEZsZWNoYSBkZXJlY2hhIC0tPgo8L2Rpdj4K[\/vc_raw_html][tm_spacer size=\u00bblg:50&#8243;][\/vc_column][vc_column width=\u00bb1\/2&#8243;][tm_heading tag=\u00bbh2&#8243; custom_google_font=\u00bb\u00bb align=\u00bbcenter\u00bb text=\u00bbLiposucci\u00f3n\u00bb max_width=\u00bb770px\u00bb font_size=\u00bbxs:24;lg:36&#8243;][tm_spacer size=\u00bblg:15&#8243;][vc_column_text css=\u00bb\u00bb]<span style=\"font-weight: 400;\">4 semanas despu\u00e9s de un paciente con una liposucci\u00f3n 360 anterior y Transferencia a Gl\u00fateos. Los senos est\u00e1n en proceso de correcci\u00f3n usando un tama\u00f1o diferente de implante, t\u00e9cnica diferente de un seno a otro, y BreastTite en el seno izquierdo.\u00a0<\/span>[\/vc_column_text][tm_spacer size=\u00bblg:15&#8243;][vc_raw_html css=\u00bb\u00bb]PGRpdiBjbGFzcz0iY29udGFpbmVyMSI+IAogICAgPGRpdiBjbGFzcz0iY29sdW1uMSI+CiAgICAgICAgPGltZyBzcmM9Imh0dHBzOi8vd3d3Lm1lbmRvemFwbGFzdGljc3VyZ2VyeS5jb20vd3AtY29udGVudC91cGxvYWRzLzIwMjUvMDQvMS4tQW50ZXMtRS4tRkxPUkVTLnBuZyI+CiAgICAgICAgPGltZyBzcmM9Imh0dHBzOi8vd3d3Lm1lbmRvemFwbGFzdGljc3VyZ2VyeS5jb20vd3AtY29udGVudC91cGxvYWRzLzIwMjUvMDQvMi4tQW50ZXMtRS4tRkxPUkVTLnBuZyI+CiAgICA8L2Rpdj4KICAgIDxkaXYgY2xhc3M9ImNvbHVtbjEiPgogICAgICAgIDxpbWcgc3JjPSJodHRwczovL3d3dy5tZW5kb3phcGxhc3RpY3N1cmdlcnkuY29tL3dwLWNvbnRlbnQvdXBsb2Fkcy8yMDI1LzA0LzEuLURlc3B1ZXMtRS4tRkxPUkVTLnBuZyI+CiAgICAgICAgPGltZyBzcmM9Imh0dHBzOi8vd3d3Lm1lbmRvemFwbGFzdGljc3VyZ2VyeS5jb20vd3AtY29udGVudC91cGxvYWRzLzIwMjUvMDQvMi4tRGVzcHVlcy1FLi1GTE9SRVMucG5nIj4KICAgIDwvZGl2Pgo8L2Rpdj4KCjwhLS0gSW1hZ2UgVmlld2VyIC0tPgo8ZGl2IGlkPSJpbWFnZVZpZXdlciIgY2xhc3M9ImltYWdlVmlld2VyIj4KICAgIDxzcGFuIGNsYXNzPSJpbWFnZVZpZXdlci1jbG9zZSIgb25jbGljaz0iY2xvc2VJbWFnZVZpZXdlcigpIj7Dlzwvc3Bhbj4KICAgIDxkaXYgY2xhc3M9ImltYWdlVmlld2VyLWNvbnRlbnQiPgogICAgICAgIDxpbWcgaWQ9ImltYWdlVmlld2VyLWltZyIgc3JjPSIiPgogICAgPC9kaXY+CiAgICA8YSBjbGFzcz0iaW1hZ2VWaWV3ZXItcHJldiIgb25jbGljaz0iY2hhbmdlSW1hZ2UoLTEpIj7ina48L2E+IDwhLS0gRmxlY2hhIGl6cXVpZXJkYSAtLT4KICAgIDxhIGNsYXNzPSJpbWFnZVZpZXdlci1uZXh0IiBvbmNsaWNrPSJjaGFuZ2VJbWFnZSgxKSI+4p2vPC9hPiA8IS0tIEZsZWNoYSBkZXJlY2hhIC0tPgo8L2Rpdj4K[\/vc_raw_html][tm_spacer size=\u00bblg:50&#8243;][\/vc_column][\/vc_row]<\/p>\n<\/div>","protected":false},"excerpt":{"rendered":"<p>[vc_row el_class=\u00bbbefore-after-es\u00bb][vc_column width=\u00bb1\/2&#8243;][tm_heading tag=\u00bbh2&#8243; custom_google_font=\u00bb\u00bb align=\u00bbcenter\u00bb text=\u00bbLiposucci\u00f3n\u00bb max_width=\u00bb770px\u00bb font_size=\u00bbxs:24;lg:36&#8243;][tm_spacer size=\u00bblg:15&#8243;][vc_column_text css=\u00bb\u00bb]3 meses despu\u00e9s de una Liposucci\u00f3n 360, con Transferencia de Grasa a los Gl\u00fateos y una Abdominoplastia.[\/vc_column_text][tm_spacer size=\u00bblg:15&#8243;][vc_masonry_media_grid element_width=\u00bb6&#8243; css=\u00bb\u00bb grid_id=\u00bbvc_gid:1745608863151-2c41537e-3e3f-6&#8243; include=\u00bb10766,10768,10770,10772&#8243;][tm_spacer size=\u00bblg:50&#8243;][\/vc_column][vc_column width=\u00bb1\/2&#8243;][tm_heading tag=\u00bbh2&#8243; custom_google_font=\u00bb\u00bb align=\u00bbcenter\u00bb text=\u00bbLiposucci\u00f3n\u00bb max_width=\u00bb770px\u00bb font_size=\u00bbxs:24;lg:36&#8243;][tm_spacer size=\u00bblg:15&#8243;][vc_column_text css=\u00bb\u00bb]3 meses despu\u00e9s de una Liposucci\u00f3n de abdomen, espalda y Transferencia de Grasa a los Gl\u00fateos.[\/vc_column_text][tm_spacer size=\u00bblg:15&#8243;][vc_masonry_media_grid element_width=\u00bb6&#8243; css=\u00bb\u00bb grid_id=\u00bbvc_gid:1745608863152-e1e54aa2-4e4f-10&#8243; include=\u00bb10777,10779,10781,10783&#8243;][tm_spacer size=\u00bblg:50&#8243;][\/vc_column][\/vc_row][vc_row el_class=\u00bbbefore-after-movil\u00bb][vc_column width=\u00bb1\/2&#8243;][tm_heading tag=\u00bbh2&#8243; custom_google_font=\u00bb\u00bb align=\u00bbcenter\u00bb text=\u00bbLiposucci\u00f3n\u00bb max_width=\u00bb770px\u00bb font_size=\u00bbxs:24;lg:36&#8243;][tm_spacer size=\u00bblg:15&#8243;][vc_column_text css=\u00bb\u00bb]3 meses despu\u00e9s de una Liposucci\u00f3n 360, con Transferencia de Grasa a los Gl\u00fateos y una Abdominoplastia.[\/vc_column_text][tm_spacer size=\u00bblg:15&#8243;][vc_raw_html css=\u00bb\u00bb]PGRpdiBjbGFzcz0iY29udGFpbmVyMSI+IAogICAgPGRpdiBjbGFzcz0iY29sdW1uMSI+CiAgICAgICAgPGltZyBzcmM9Imh0dHBzOi8vd3d3Lm1lbmRvemFwbGFzdGljc3VyZ2VyeS5jb20vd3AtY29udGVudC91cGxvYWRzLzIwMjUvMDQvMS4tQW50ZXMtRC1SaXZlcmEuanBnIj4KICAgICAgICA8aW1nIHNyYz0iaHR0cHM6Ly93d3cubWVuZG96YXBsYXN0aWNzdXJnZXJ5LmNvbS93cC1jb250ZW50L3VwbG9hZHMvMjAyNS8wNC8yLi1BbnRlcy1ELVJpdmVyYS5qcGciPgogICAgPC9kaXY+CiAgICA8ZGl2IGNsYXNzPSJjb2x1bW4xIj4KICAgICAgICA8aW1nIHNyYz0iaHR0cHM6Ly93d3cubWVuZG96YXBsYXN0aWNzdXJnZXJ5LmNvbS93cC1jb250ZW50L3VwbG9hZHMvMjAyNS8wNC8xLi1EZXNwdWVzLUQtUml2ZXJhLmpwZyI+CiAgICAgICAgPGltZyBzcmM9Imh0dHBzOi8vd3d3Lm1lbmRvemFwbGFzdGljc3VyZ2VyeS5jb20vd3AtY29udGVudC91cGxvYWRzLzIwMjUvMDQvMi4tRGVzcHVlcy1ELVJpdmVyYS5qcGciPgogICAgPC9kaXY+CjwvZGl2PgoKPCEtLSBJbWFnZSBWaWV3ZXIgLS0+CjxkaXYgaWQ9ImltYWdlVmlld2VyIiBjbGFzcz0iaW1hZ2VWaWV3ZXIiPgogICAgPHNwYW4gY2xhc3M9ImltYWdlVmlld2VyLWNsb3NlIiBvbmNsaWNrPSJjbG9zZUltYWdlVmlld2VyKCkiPsOXPC9zcGFuPgogICAgPGRpdiBjbGFzcz0iaW1hZ2VWaWV3ZXItY29udGVudCI+CiAgICAgICAgPGltZyBpZD0iaW1hZ2VWaWV3ZXItaW1nIiBzcmM9IiI+CiAgICA8L2Rpdj4KICAgIDxhIGNsYXNzPSJpbWFnZVZpZXdlci1wcmV2IiBvbmNsaWNrPSJjaGFuZ2VJbWFnZSgtMSkiPuKdrjwvYT4gPCEtLSBGbGVjaGEgaXpxdWllcmRhIC0tPgogICAgPGEgY2xhc3M9ImltYWdlVmlld2VyLW5leHQiIG9uY2xpY2s9ImNoYW5nZUltYWdlKDEpIj7ina88L2E+IDwhLS0gRmxlY2hhIGRlcmVjaGEgLS0+CjwvZGl2Pgo=[\/vc_raw_html][tm_spacer size=\u00bblg:50&#8243;][\/vc_column][vc_column width=\u00bb1\/2&#8243;][tm_heading tag=\u00bbh2&#8243; custom_google_font=\u00bb\u00bb align=\u00bbcenter\u00bb text=\u00bbLiposucci\u00f3n\u00bb max_width=\u00bb770px\u00bb font_size=\u00bbxs:24;lg:36&#8243;][tm_spacer size=\u00bblg:15&#8243;][vc_column_text css=\u00bb\u00bb]3 meses despu\u00e9s de una Liposucci\u00f3n de abdomen, espalda y Transferencia de Grasa a los Gl\u00fateos.[\/vc_column_text][tm_spacer size=\u00bblg:15&#8243;][vc_raw_html css=\u00bb\u00bb]PGRpdiBjbGFzcz0iY29udGFpbmVyMSI+IAogICAgPGRpdiBjbGFzcz0iY29sdW1uMSI+CiAgICAgICAgPGltZyBzcmM9Imh0dHBzOi8vd3d3Lm1lbmRvemFwbGFzdGljc3VyZ2VyeS5jb20vd3AtY29udGVudC91cGxvYWRzLzIwMjUvMDQvMS4tQW50ZXMtTC4tUElNRU5URUwuanBnIj4KICAgICAgICA8aW1nIHNyYz0iaHR0cHM6Ly93d3cubWVuZG96YXBsYXN0aWNzdXJnZXJ5LmNvbS93cC1jb250ZW50L3VwbG9hZHMvMjAyNS8wNC8yLi1BbnRlcy1MLi1QSU1FTlRFTC5qcGciPgogICAgPC9kaXY+CiAgICA8ZGl2IGNsYXNzPSJjb2x1bW4xIj4KICAgICAgICA8aW1nIHNyYz0iaHR0cHM6Ly93d3cubWVuZG96YXBsYXN0aWNzdXJnZXJ5LmNvbS93cC1jb250ZW50L3VwbG9hZHMvMjAyNS8wNC8xLi1EZXNwdWVzLUwuLVBJTUVOVEVMLmpwZyI+CiAgICAgICAgPGltZyBzcmM9Imh0dHBzOi8vd3d3Lm1lbmRvemFwbGFzdGljc3VyZ2VyeS5jb20vd3AtY29udGVudC91cGxvYWRzLzIwMjUvMDQvMi4tRGVzcHVlcy1MLi1QSU1FTlRFTC5qcGciPgogICAgPC9kaXY+CjwvZGl2PgoKPCEtLSBJbWFnZSBWaWV3ZXIgLS0+CjxkaXYgaWQ9ImltYWdlVmlld2VyIiBjbGFzcz0iaW1hZ2VWaWV3ZXIiPgogICAgPHNwYW4gY2xhc3M9ImltYWdlVmlld2VyLWNsb3NlIiBvbmNsaWNrPSJjbG9zZUltYWdlVmlld2VyKCkiPsOXPC9zcGFuPgogICAgPGRpdiBjbGFzcz0iaW1hZ2VWaWV3ZXItY29udGVudCI+CiAgICAgICAgPGltZyBpZD0iaW1hZ2VWaWV3ZXItaW1nIiBzcmM9IiI+CiAgICA8L2Rpdj4KICAgIDxhIGNsYXNzPSJpbWFnZVZpZXdlci1wcmV2IiBvbmNsaWNrPSJjaGFuZ2VJbWFnZSgtMSkiPuKdrjwvYT4gPCEtLSBGbGVjaGEgaXpxdWllcmRhIC0tPgogICAgPGEgY2xhc3M9ImltYWdlVmlld2VyLW5leHQiIG9uY2xpY2s9ImNoYW5nZUltYWdlKDEpIj7ina88L2E+IDwhLS0gRmxlY2hhIGRlcmVjaGEgLS0+CjwvZGl2Pgo=[\/vc_raw_html][tm_spacer size=\u00bblg:50&#8243;][\/vc_column][\/vc_row][vc_row el_class=\u00bbbefore-after-es\u00bb][vc_column width=\u00bb1\/2&#8243;][tm_heading tag=\u00bbh2&#8243; custom_google_font=\u00bb\u00bb align=\u00bbcenter\u00bb text=\u00bbLiposucci\u00f3n\u00bb max_width=\u00bb770px\u00bb font_size=\u00bbxs:24;lg:36&#8243;][tm_spacer size=\u00bblg:15&#8243;][vc_column_text css=\u00bb\u00bb]6 meses despu\u00e9s de una Liposucci\u00f3n 360, Transferencia de Grasa a Gl\u00fateos y una revisi\u00f3n de Abdominoplastia. La paciente hab\u00eda tenido una Abdominoplastia anteriormente sin reparaci\u00f3n de pared abdominal, adem\u00e1s, se realiz\u00f3 un Aumento de Senos con implante de silicona y Mastopexia.\u00a0[\/vc_column_text][tm_spacer size=\u00bblg:15&#8243;][vc_masonry_media_grid element_width=\u00bb6&#8243; css=\u00bb\u00bb grid_id=\u00bbvc_gid:1745608863153-4c79b685-e775-4&#8243; include=\u00bb10790,10792,10786,10788&#8243;][tm_spacer size=\u00bblg:50&#8243;][\/vc_column][vc_column width=\u00bb1\/2&#8243;][tm_heading tag=\u00bbh2&#8243; custom_google_font=\u00bb\u00bb align=\u00bbcenter\u00bb text=\u00bbLiposucci\u00f3n\u00bb max_width=\u00bb770px\u00bb font_size=\u00bbxs:24;lg:36&#8243;][tm_spacer size=\u00bblg:15&#8243;][vc_column_text css=\u00bb\u00bb]4 semanas despu\u00e9s de un paciente con una liposucci\u00f3n 360 anterior y Transferencia a Gl\u00fateos. Los senos est\u00e1n en proceso de correcci\u00f3n usando un tama\u00f1o diferente de implante, t\u00e9cnica diferente de un seno a otro, y BreastTite en el seno izquierdo.\u00a0[\/vc_column_text][tm_spacer size=\u00bblg:15&#8243;][vc_masonry_media_grid element_width=\u00bb6&#8243; css=\u00bb\u00bb grid_id=\u00bbvc_gid:1745608863154-718d4527-117f-1&#8243; include=\u00bb10800,10794,10796,10798&#8243;][tm_spacer size=\u00bblg:50&#8243;][\/vc_column][\/vc_row][vc_row el_class=\u00bbbefore-after-movil\u00bb][vc_column width=\u00bb1\/2&#8243;][tm_heading tag=\u00bbh2&#8243; custom_google_font=\u00bb\u00bb align=\u00bbcenter\u00bb text=\u00bbLiposucci\u00f3n\u00bb max_width=\u00bb770px\u00bb font_size=\u00bbxs:24;lg:36&#8243;][tm_spacer size=\u00bblg:15&#8243;][vc_column_text css=\u00bb\u00bb]6 meses despu\u00e9s de una Liposucci\u00f3n 360, Transferencia de Grasa a Gl\u00fateos y una revisi\u00f3n de Abdominoplastia. La paciente hab\u00eda tenido una Abdominoplastia anteriormente sin reparaci\u00f3n de pared abdominal, adem\u00e1s, se realiz\u00f3 un Aumento de Senos con implante de silicona y Mastopexia.\u00a0[\/vc_column_text][tm_spacer size=\u00bblg:15&#8243;][vc_raw_html css=\u00bb\u00bb]PGRpdiBjbGFzcz0iY29udGFpbmVyMSI+IAogICAgPGRpdiBjbGFzcz0iY29sdW1uMSI+CiAgICAgICAgPGltZyBzcmM9Imh0dHBzOi8vd3d3Lm1lbmRvemFwbGFzdGljc3VyZ2VyeS5jb20vd3AtY29udGVudC91cGxvYWRzLzIwMjUvMDQvMS4tQW50ZXMtTS4tTU9SRU5PLmpwZyI+CiAgICAgICAgPGltZyBzcmM9Imh0dHBzOi8vd3d3Lm1lbmRvemFwbGFzdGljc3VyZ2VyeS5jb20vd3AtY29udGVudC91cGxvYWRzLzIwMjUvMDQvMi4tQW50ZXMtTS4tTU9SRU5PLmpwZyI+CiAgICA8L2Rpdj4KICAgIDxkaXYgY2xhc3M9ImNvbHVtbjEiPgogICAgICAgIDxpbWcgc3JjPSJodHRwczovL3d3dy5tZW5kb3phcGxhc3RpY3N1cmdlcnkuY29tL3dwLWNvbnRlbnQvdXBsb2Fkcy8yMDI1LzA0LzEuLURlc3B1ZXMtTS4tTU9SRU5PLmpwZyI+CiAgICAgICAgPGltZyBzcmM9Imh0dHBzOi8vd3d3Lm1lbmRvemFwbGFzdGljc3VyZ2VyeS5jb20vd3AtY29udGVudC91cGxvYWRzLzIwMjUvMDQvMi4tRGVzcHVlcy1NLi1NT1JFTk8uanBnIj4KICAgIDwvZGl2Pgo8L2Rpdj4KCjwhLS0gSW1hZ2UgVmlld2VyIC0tPgo8ZGl2IGlkPSJpbWFnZVZpZXdlciIgY2xhc3M9ImltYWdlVmlld2VyIj4KICAgIDxzcGFuIGNsYXNzPSJpbWFnZVZpZXdlci1jbG9zZSIgb25jbGljaz0iY2xvc2VJbWFnZVZpZXdlcigpIj7Dlzwvc3Bhbj4KICAgIDxkaXYgY2xhc3M9ImltYWdlVmlld2VyLWNvbnRlbnQiPgogICAgICAgIDxpbWcgaWQ9ImltYWdlVmlld2VyLWltZyIgc3JjPSIiPgogICAgPC9kaXY+CiAgICA8YSBjbGFzcz0iaW1hZ2VWaWV3ZXItcHJldiIgb25jbGljaz0iY2hhbmdlSW1hZ2UoLTEpIj7ina48L2E+IDwhLS0gRmxlY2hhIGl6cXVpZXJkYSAtLT4KICAgIDxhIGNsYXNzPSJpbWFnZVZpZXdlci1uZXh0IiBvbmNsaWNrPSJjaGFuZ2VJbWFnZSgxKSI+4p2vPC9hPiA8IS0tIEZsZWNoYSBkZXJlY2hhIC0tPgo8L2Rpdj4K[\/vc_raw_html][tm_spacer size=\u00bblg:50&#8243;][\/vc_column][vc_column width=\u00bb1\/2&#8243;][tm_heading tag=\u00bbh2&#8243; custom_google_font=\u00bb\u00bb align=\u00bbcenter\u00bb text=\u00bbLiposucci\u00f3n\u00bb max_width=\u00bb770px\u00bb font_size=\u00bbxs:24;lg:36&#8243;][tm_spacer size=\u00bblg:15&#8243;][vc_column_text css=\u00bb\u00bb]4 semanas despu\u00e9s de un paciente con una liposucci\u00f3n 360 anterior y Transferencia a Gl\u00fateos. Los senos est\u00e1n en proceso de correcci\u00f3n usando un tama\u00f1o diferente de implante, t\u00e9cnica diferente de un seno a otro, y BreastTite en el seno izquierdo.\u00a0[\/vc_column_text][tm_spacer size=\u00bblg:15&#8243;][vc_raw_html css=\u00bb\u00bb]PGRpdiBjbGFzcz0iY29udGFpbmVyMSI+IAogICAgPGRpdiBjbGFzcz0iY29sdW1uMSI+CiAgICAgICAgPGltZyBzcmM9Imh0dHBzOi8vd3d3Lm1lbmRvemFwbGFzdGljc3VyZ2VyeS5jb20vd3AtY29udGVudC91cGxvYWRzLzIwMjUvMDQvMS4tQW50ZXMtRS4tRkxPUkVTLnBuZyI+CiAgICAgICAgPGltZyBzcmM9Imh0dHBzOi8vd3d3Lm1lbmRvemFwbGFzdGljc3VyZ2VyeS5jb20vd3AtY29udGVudC91cGxvYWRzLzIwMjUvMDQvMi4tQW50ZXMtRS4tRkxPUkVTLnBuZyI+CiAgICA8L2Rpdj4KICAgIDxkaXYgY2xhc3M9ImNvbHVtbjEiPgogICAgICAgIDxpbWcgc3JjPSJodHRwczovL3d3dy5tZW5kb3phcGxhc3RpY3N1cmdlcnkuY29tL3dwLWNvbnRlbnQvdXBsb2Fkcy8yMDI1LzA0LzEuLURlc3B1ZXMtRS4tRkxPUkVTLnBuZyI+CiAgICAgICAgPGltZyBzcmM9Imh0dHBzOi8vd3d3Lm1lbmRvemFwbGFzdGljc3VyZ2VyeS5jb20vd3AtY29udGVudC91cGxvYWRzLzIwMjUvMDQvMi4tRGVzcHVlcy1FLi1GTE9SRVMucG5nIj4KICAgIDwvZGl2Pgo8L2Rpdj4KCjwhLS0gSW1hZ2UgVmlld2VyIC0tPgo8ZGl2IGlkPSJpbWFnZVZpZXdlciIgY2xhc3M9ImltYWdlVmlld2VyIj4KICAgIDxzcGFuIGNsYXNzPSJpbWFnZVZpZXdlci1jbG9zZSIgb25jbGljaz0iY2xvc2VJbWFnZVZpZXdlcigpIj7Dlzwvc3Bhbj4KICAgIDxkaXYgY2xhc3M9ImltYWdlVmlld2VyLWNvbnRlbnQiPgogICAgICAgIDxpbWcgaWQ9ImltYWdlVmlld2VyLWltZyIgc3JjPSIiPgogICAgPC9kaXY+CiAgICA8YSBjbGFzcz0iaW1hZ2VWaWV3ZXItcHJldiIgb25jbGljaz0iY2hhbmdlSW1hZ2UoLTEpIj7ina48L2E+IDwhLS0gRmxlY2hhIGl6cXVpZXJkYSAtLT4KICAgIDxhIGNsYXNzPSJpbWFnZVZpZXdlci1uZXh0IiBvbmNsaWNrPSJjaGFuZ2VJbWFnZSgxKSI+4p2vPC9hPiA8IS0tIEZsZWNoYSBkZXJlY2hhIC0tPgo8L2Rpdj4K[\/vc_raw_html][tm_spacer size=\u00bblg:50&#8243;][\/vc_column][\/vc_row]<\/p>\n","protected":false},"author":1,"featured_media":0,"parent":0,"menu_order":0,"comment_status":"closed","ping_status":"closed","template":"","meta":{"footnotes":""},"class_list":["post-10815","page","type-page","status-publish","hentry"],"aioseo_notices":[],"_links":{"self":[{"href":"https:\/\/www.mendozaplasticsurgery.com\/es\/wp-json\/wp\/v2\/pages\/10815","targetHints":{"allow":["GET"]}}],"collection":[{"href":"https:\/\/www.mendozaplasticsurgery.com\/es\/wp-json\/wp\/v2\/pages"}],"about":[{"href":"https:\/\/www.mendozaplasticsurgery.com\/es\/wp-json\/wp\/v2\/types\/page"}],"author":[{"embeddable":true,"href":"https:\/\/www.mendozaplasticsurgery.com\/es\/wp-json\/wp\/v2\/users\/1"}],"replies":[{"embeddable":true,"href":"https:\/\/www.mendozaplasticsurgery.com\/es\/wp-json\/wp\/v2\/comments?post=10815"}],"version-history":[{"count":0,"href":"https:\/\/www.mendozaplasticsurgery.com\/es\/wp-json\/wp\/v2\/pages\/10815\/revisions"}],"wp:attachment":[{"href":"https:\/\/www.mendozaplasticsurgery.com\/es\/wp-json\/wp\/v2\/media?parent=10815"}],"curies":[{"name":"wp","href":"https:\/\/api.w.org\/{rel}","templated":true}]}}