{"id":10563,"date":"2025-04-15T16:32:59","date_gmt":"2025-04-15T20:32:59","guid":{"rendered":"https:\/\/www.mendozaplasticsurgery.com\/mastopexia\/"},"modified":"2025-04-25T15:05:03","modified_gmt":"2025-04-25T19:05:03","slug":"mastopexia","status":"publish","type":"page","link":"https:\/\/www.mendozaplasticsurgery.com\/es\/mastopexia\/","title":{"rendered":"Mastopexia"},"content":{"rendered":"<div class=\"wpb-content-wrapper\"><p>[vc_row el_class=\u00bbbefore-after-es\u00bb][vc_column width=\u00bb1\/4&#8243;][\/vc_column][vc_column width=\u00bb1\/2&#8243;][tm_heading tag=\u00bbh2&#8243; custom_google_font=\u00bb\u00bb align=\u00bbcenter\u00bb text=\u00bbMastopexia\u00bb max_width=\u00bb770px\u00bb font_size=\u00bbxs:24;lg:36&#8243;][tm_spacer size=\u00bblg:15&#8243;][vc_column_text css=\u00bb\u00bb]<span style=\"font-weight: 400;\">6 semanas despu\u00e9s de un Aumento de Senos con Mastopexia. Usando 285 cc Natrelle Extra Full Profile. La paciente deseaba resultados naturales. Los senos continuar\u00e1n sanando por un periodo de 6 meses despu\u00e9s de la cirug\u00eda.<\/span>[\/vc_column_text][tm_spacer size=\u00bblg:15&#8243;][vc_masonry_media_grid element_width=\u00bb6&#8243; css=\u00bb\u00bb grid_id=\u00bbvc_gid:1745607882273-fd3c8d9b-9924-1&#8243; include=\u00bb10567,10569,10571,10573&#8243;][tm_spacer size=\u00bblg:50&#8243;][\/vc_column][vc_column width=\u00bb1\/4&#8243;][\/vc_column][\/vc_row][vc_row el_class=\u00bbbefore-after-movil\u00bb][vc_column width=\u00bb1\/4&#8243;][\/vc_column][vc_column width=\u00bb1\/2&#8243;][tm_heading tag=\u00bbh2&#8243; custom_google_font=\u00bb\u00bb align=\u00bbcenter\u00bb text=\u00bbMastopexia\u00bb max_width=\u00bb770px\u00bb font_size=\u00bbxs:24;lg:36&#8243;][tm_spacer size=\u00bblg:15&#8243;][vc_column_text css=\u00bb\u00bb]<span style=\"font-weight: 400;\">6 semanas despu\u00e9s de un Aumento de Senos con Mastopexia. Usando 285 cc Natrelle Extra Full Profile. La paciente deseaba resultados naturales. Los senos continuar\u00e1n sanando por un periodo de 6 meses despu\u00e9s de la cirug\u00eda.<\/span>[\/vc_column_text][tm_spacer size=\u00bblg:15&#8243;][vc_raw_html css=\u00bb\u00bb]PGRpdiBjbGFzcz0iY29udGFpbmVyMSI+IAogICAgPGRpdiBjbGFzcz0iY29sdW1uMSI+CiAgICAgICAgPGltZyBzcmM9Imh0dHBzOi8vd3d3Lm1lbmRvemFwbGFzdGljc3VyZ2VyeS5jb20vd3AtY29udGVudC91cGxvYWRzLzIwMjUvMDQvMS4tQW50ZXMtSi4tUEVOQS5qcGciPgogICAgICAgIDxpbWcgc3JjPSJodHRwczovL3d3dy5tZW5kb3phcGxhc3RpY3N1cmdlcnkuY29tL3dwLWNvbnRlbnQvdXBsb2Fkcy8yMDI1LzA0LzIuLUFudGVzLUouLVBFTkEuanBnIj4KICAgIDwvZGl2PgogICAgPGRpdiBjbGFzcz0iY29sdW1uMSI+CiAgICAgICAgPGltZyBzcmM9Imh0dHBzOi8vd3d3Lm1lbmRvemFwbGFzdGljc3VyZ2VyeS5jb20vd3AtY29udGVudC91cGxvYWRzLzIwMjUvMDQvMS4tRGVzcHVlcy1KLi1QRU5BLmpwZyI+CiAgICAgICAgPGltZyBzcmM9Imh0dHBzOi8vd3d3Lm1lbmRvemFwbGFzdGljc3VyZ2VyeS5jb20vd3AtY29udGVudC91cGxvYWRzLzIwMjUvMDQvMi4tRGVzcHVlcy1KLi1QRU5BLmpwZyI+CiAgICA8L2Rpdj4KPC9kaXY+Cgo8IS0tIEltYWdlIFZpZXdlciAtLT4KPGRpdiBpZD0iaW1hZ2VWaWV3ZXIiIGNsYXNzPSJpbWFnZVZpZXdlciI+CiAgICA8c3BhbiBjbGFzcz0iaW1hZ2VWaWV3ZXItY2xvc2UiIG9uY2xpY2s9ImNsb3NlSW1hZ2VWaWV3ZXIoKSI+w5c8L3NwYW4+CiAgICA8ZGl2IGNsYXNzPSJpbWFnZVZpZXdlci1jb250ZW50Ij4KICAgICAgICA8aW1nIGlkPSJpbWFnZVZpZXdlci1pbWciIHNyYz0iIj4KICAgIDwvZGl2PgogICAgPGEgY2xhc3M9ImltYWdlVmlld2VyLXByZXYiIG9uY2xpY2s9ImNoYW5nZUltYWdlKC0xKSI+4p2uPC9hPiA8IS0tIEZsZWNoYSBpenF1aWVyZGEgLS0+CiAgICA8YSBjbGFzcz0iaW1hZ2VWaWV3ZXItbmV4dCIgb25jbGljaz0iY2hhbmdlSW1hZ2UoMSkiPuKdrzwvYT4gPCEtLSBGbGVjaGEgZGVyZWNoYSAtLT4KPC9kaXY+Cg==[\/vc_raw_html][tm_spacer size=\u00bblg:50&#8243;][\/vc_column][vc_column width=\u00bb1\/4&#8243;][\/vc_column][\/vc_row]<\/p>\n<\/div>","protected":false},"excerpt":{"rendered":"<p>[vc_row el_class=\u00bbbefore-after-es\u00bb][vc_column width=\u00bb1\/4&#8243;][\/vc_column][vc_column width=\u00bb1\/2&#8243;][tm_heading tag=\u00bbh2&#8243; custom_google_font=\u00bb\u00bb align=\u00bbcenter\u00bb text=\u00bbMastopexia\u00bb max_width=\u00bb770px\u00bb font_size=\u00bbxs:24;lg:36&#8243;][tm_spacer size=\u00bblg:15&#8243;][vc_column_text css=\u00bb\u00bb]6 semanas despu\u00e9s de un Aumento de Senos con Mastopexia. Usando 285 cc Natrelle Extra Full Profile. La paciente deseaba resultados naturales. Los senos continuar\u00e1n sanando por un periodo de 6 meses despu\u00e9s de la cirug\u00eda.[\/vc_column_text][tm_spacer size=\u00bblg:15&#8243;][vc_masonry_media_grid element_width=\u00bb6&#8243; css=\u00bb\u00bb grid_id=\u00bbvc_gid:1745607882273-fd3c8d9b-9924-1&#8243; include=\u00bb10567,10569,10571,10573&#8243;][tm_spacer size=\u00bblg:50&#8243;][\/vc_column][vc_column width=\u00bb1\/4&#8243;][\/vc_column][\/vc_row][vc_row el_class=\u00bbbefore-after-movil\u00bb][vc_column width=\u00bb1\/4&#8243;][\/vc_column][vc_column width=\u00bb1\/2&#8243;][tm_heading tag=\u00bbh2&#8243; custom_google_font=\u00bb\u00bb align=\u00bbcenter\u00bb text=\u00bbMastopexia\u00bb max_width=\u00bb770px\u00bb font_size=\u00bbxs:24;lg:36&#8243;][tm_spacer size=\u00bblg:15&#8243;][vc_column_text css=\u00bb\u00bb]6 semanas despu\u00e9s de un Aumento de Senos con Mastopexia. Usando 285 cc Natrelle Extra Full Profile. La paciente deseaba resultados naturales. Los senos continuar\u00e1n sanando por un periodo de 6 meses despu\u00e9s de la cirug\u00eda.[\/vc_column_text][tm_spacer size=\u00bblg:15&#8243;][vc_raw_html css=\u00bb\u00bb]PGRpdiBjbGFzcz0iY29udGFpbmVyMSI+IAogICAgPGRpdiBjbGFzcz0iY29sdW1uMSI+CiAgICAgICAgPGltZyBzcmM9Imh0dHBzOi8vd3d3Lm1lbmRvemFwbGFzdGljc3VyZ2VyeS5jb20vd3AtY29udGVudC91cGxvYWRzLzIwMjUvMDQvMS4tQW50ZXMtSi4tUEVOQS5qcGciPgogICAgICAgIDxpbWcgc3JjPSJodHRwczovL3d3dy5tZW5kb3phcGxhc3RpY3N1cmdlcnkuY29tL3dwLWNvbnRlbnQvdXBsb2Fkcy8yMDI1LzA0LzIuLUFudGVzLUouLVBFTkEuanBnIj4KICAgIDwvZGl2PgogICAgPGRpdiBjbGFzcz0iY29sdW1uMSI+CiAgICAgICAgPGltZyBzcmM9Imh0dHBzOi8vd3d3Lm1lbmRvemFwbGFzdGljc3VyZ2VyeS5jb20vd3AtY29udGVudC91cGxvYWRzLzIwMjUvMDQvMS4tRGVzcHVlcy1KLi1QRU5BLmpwZyI+CiAgICAgICAgPGltZyBzcmM9Imh0dHBzOi8vd3d3Lm1lbmRvemFwbGFzdGljc3VyZ2VyeS5jb20vd3AtY29udGVudC91cGxvYWRzLzIwMjUvMDQvMi4tRGVzcHVlcy1KLi1QRU5BLmpwZyI+CiAgICA8L2Rpdj4KPC9kaXY+Cgo8IS0tIEltYWdlIFZpZXdlciAtLT4KPGRpdiBpZD0iaW1hZ2VWaWV3ZXIiIGNsYXNzPSJpbWFnZVZpZXdlciI+CiAgICA8c3BhbiBjbGFzcz0iaW1hZ2VWaWV3ZXItY2xvc2UiIG9uY2xpY2s9ImNsb3NlSW1hZ2VWaWV3ZXIoKSI+w5c8L3NwYW4+CiAgICA8ZGl2IGNsYXNzPSJpbWFnZVZpZXdlci1jb250ZW50Ij4KICAgICAgICA8aW1nIGlkPSJpbWFnZVZpZXdlci1pbWciIHNyYz0iIj4KICAgIDwvZGl2PgogICAgPGEgY2xhc3M9ImltYWdlVmlld2VyLXByZXYiIG9uY2xpY2s9ImNoYW5nZUltYWdlKC0xKSI+4p2uPC9hPiA8IS0tIEZsZWNoYSBpenF1aWVyZGEgLS0+CiAgICA8YSBjbGFzcz0iaW1hZ2VWaWV3ZXItbmV4dCIgb25jbGljaz0iY2hhbmdlSW1hZ2UoMSkiPuKdrzwvYT4gPCEtLSBGbGVjaGEgZGVyZWNoYSAtLT4KPC9kaXY+Cg==[\/vc_raw_html][tm_spacer size=\u00bblg:50&#8243;][\/vc_column][vc_column width=\u00bb1\/4&#8243;][\/vc_column][\/vc_row]<\/p>\n","protected":false},"author":1,"featured_media":0,"parent":0,"menu_order":0,"comment_status":"closed","ping_status":"closed","template":"","meta":{"footnotes":""},"class_list":["post-10563","page","type-page","status-publish","hentry"],"aioseo_notices":[],"_links":{"self":[{"href":"https:\/\/www.mendozaplasticsurgery.com\/es\/wp-json\/wp\/v2\/pages\/10563","targetHints":{"allow":["GET"]}}],"collection":[{"href":"https:\/\/www.mendozaplasticsurgery.com\/es\/wp-json\/wp\/v2\/pages"}],"about":[{"href":"https:\/\/www.mendozaplasticsurgery.com\/es\/wp-json\/wp\/v2\/types\/page"}],"author":[{"embeddable":true,"href":"https:\/\/www.mendozaplasticsurgery.com\/es\/wp-json\/wp\/v2\/users\/1"}],"replies":[{"embeddable":true,"href":"https:\/\/www.mendozaplasticsurgery.com\/es\/wp-json\/wp\/v2\/comments?post=10563"}],"version-history":[{"count":0,"href":"https:\/\/www.mendozaplasticsurgery.com\/es\/wp-json\/wp\/v2\/pages\/10563\/revisions"}],"wp:attachment":[{"href":"https:\/\/www.mendozaplasticsurgery.com\/es\/wp-json\/wp\/v2\/media?parent=10563"}],"curies":[{"name":"wp","href":"https:\/\/api.w.org\/{rel}","templated":true}]}}